{"id":531,"date":"2017-03-16T14:49:53","date_gmt":"2017-03-16T14:49:53","guid":{"rendered":"https:\/\/demo-storage.com\/pm\/wp\/vincent\/?post_type=product&#038;p=531"},"modified":"2025-05-31T11:47:51","modified_gmt":"2025-05-31T11:47:51","slug":"margherita","status":"publish","type":"product","link":"https:\/\/pizzatta.ro\/index.php\/produs\/margherita\/","title":{"rendered":"Pizza Margherita"},"content":{"rendered":"<p>Gramaj: 520g;<\/p>\n<p>&nbsp;<\/p>\n<p>Ingrediente: Blat 270g(Faina de grau alba 550), Sare gema, Iodat de potasiu: min. 42 mg\/kg sare, max. 67.2 mg\/kg sare. Iod: min. 25 mg\/kg sare, max. 40 mg\/kg sare, antiaglomerant (E 536), Drojdie pentru panificatie, emulgator alimentar E491, sos pizza 70g(Ro\u0219ii cuburi 60% (ro\u0219ii, suc de ro\u0219ii, regulator de aciditate: acid citric), past\u0103 de ro\u0219ii 35%, ceap\u0103 rehidratat\u0103, ulei de rapi\u021b\u0103, zah\u0103r, sare, oregano, busuioc, m\u0103ghiran), mozzarella140g(Lapte de vaca pasteurizat, sare, culturi lactice, cheag, agent antiaglomerant: amidon din cartofi), telemea vaca 30g(Lapte de vaca, sare, culturi lactice, cheag microbian), busuioc 10g;<\/p>\n<p>&nbsp;<\/p>\n<p>Informa\u021bii nutri\u021bionale 100g:<\/p>\n<p>Valoare Energetic\u0103 (kJ\/kcal): 1502.1 \/ 358.6,<\/p>\n<p>Gr\u0103simi (g): 16.2 din care: Acizi gra\u0219i satura\u021bi (g) 6.5,<\/p>\n<p>Glucide (g): 38.7 din care: Zaharuri (g): 4.4,<\/p>\n<p>Proteine (g): 14.3,<\/p>\n<p>Sare (g): 2.1;<\/p>\n<p>&nbsp;<\/p>\n<p>Alergeni: Gluten, Lapte.<\/p>\n","protected":false},"excerpt":{"rendered":"<p>520g<\/p>\n","protected":false},"featured_media":2011,"comment_status":"open","ping_status":"closed","template":"","meta":[],"product_brand":[],"product_cat":[32],"product_tag":[39],"class_list":{"0":"post-531","1":"product","2":"type-product","3":"status-publish","4":"has-post-thumbnail","6":"product_cat-pizza","7":"product_tag-pizza","9":"first","10":"instock","11":"shipping-taxable","12":"purchasable","13":"product-type-simple"},"_links":{"self":[{"href":"https:\/\/pizzatta.ro\/index.php\/wp-json\/wp\/v2\/product\/531","targetHints":{"allow":["GET"]}}],"collection":[{"href":"https:\/\/pizzatta.ro\/index.php\/wp-json\/wp\/v2\/product"}],"about":[{"href":"https:\/\/pizzatta.ro\/index.php\/wp-json\/wp\/v2\/types\/product"}],"replies":[{"embeddable":true,"href":"https:\/\/pizzatta.ro\/index.php\/wp-json\/wp\/v2\/comments?post=531"}],"wp:featuredmedia":[{"embeddable":true,"href":"https:\/\/pizzatta.ro\/index.php\/wp-json\/wp\/v2\/media\/2011"}],"wp:attachment":[{"href":"https:\/\/pizzatta.ro\/index.php\/wp-json\/wp\/v2\/media?parent=531"}],"wp:term":[{"taxonomy":"product_brand","embeddable":true,"href":"https:\/\/pizzatta.ro\/index.php\/wp-json\/wp\/v2\/product_brand?post=531"},{"taxonomy":"product_cat","embeddable":true,"href":"https:\/\/pizzatta.ro\/index.php\/wp-json\/wp\/v2\/product_cat?post=531"},{"taxonomy":"product_tag","embeddable":true,"href":"https:\/\/pizzatta.ro\/index.php\/wp-json\/wp\/v2\/product_tag?post=531"}],"curies":[{"name":"wp","href":"https:\/\/api.w.org\/{rel}","templated":true}]}}