{"id":2820,"date":"2025-05-31T09:12:30","date_gmt":"2025-05-31T09:12:30","guid":{"rendered":"https:\/\/pizzatta.ro\/?post_type=product&#038;p=2820"},"modified":"2025-05-31T11:56:50","modified_gmt":"2025-05-31T11:56:50","slug":"baby-d-rose-demidulce-750-ml","status":"publish","type":"product","link":"https:\/\/pizzatta.ro\/index.php\/produs\/baby-d-rose-demidulce-750-ml\/","title":{"rendered":"BABY D ROSE DEMIDULCE 750 ML"},"content":{"rendered":"<p>Baby D este un vin delicat \u0219i seduc\u0103tor, elaborat cu m\u0103iestrie din sortimentul nobil Merlot. Culoarea sa roz vibrant\u0103 atrage privirile \u0219i are un miros floral subtil, cu accente delicate de prune \u0219i fructe de p\u0103dure. Pe limb\u0103, se dezv\u0103luie o simfonie de arome de fructe de p\u0103dure, \u00eenv\u0103luite \u00eentr-o dulcea\u021b\u0103 rafinat\u0103. Finisajul s\u0103u catifelat aduce o not\u0103 juc\u0103u\u0219\u0103 \u0219i plin\u0103 de prospe\u021bime. Baby D este un vin fascinant, rafinat \u0219i irezistibil, o experien\u021b\u0103 de neuitat pentru sim\u021buri.<\/p>\n","protected":false},"excerpt":{"rendered":"<p>VARIETATE <em><strong>Merlot<\/strong><\/em><br \/>\nTIP <em><strong>Vin rose demi-dulce<\/strong><\/em><br \/>\nREGIUNE <em><strong>Murfatlar<\/strong><\/em><br \/>\nAN PRODUC\u021aIE <em><strong>2022<\/strong><\/em><br \/>\nALCOOL <em><strong>12.50%<\/strong><\/em><br \/>\nVOLUM <em><strong>750 ml<\/strong><\/em><\/p>\n","protected":false},"featured_media":2821,"comment_status":"open","ping_status":"closed","template":"","meta":[],"product_brand":[],"product_cat":[57],"product_tag":[],"class_list":{"0":"post-2820","1":"product","2":"type-product","3":"status-publish","4":"has-post-thumbnail","6":"product_cat-vin-domeniile-caraman","8":"first","9":"instock","10":"shipping-taxable","11":"purchasable","12":"product-type-simple"},"_links":{"self":[{"href":"https:\/\/pizzatta.ro\/index.php\/wp-json\/wp\/v2\/product\/2820","targetHints":{"allow":["GET"]}}],"collection":[{"href":"https:\/\/pizzatta.ro\/index.php\/wp-json\/wp\/v2\/product"}],"about":[{"href":"https:\/\/pizzatta.ro\/index.php\/wp-json\/wp\/v2\/types\/product"}],"replies":[{"embeddable":true,"href":"https:\/\/pizzatta.ro\/index.php\/wp-json\/wp\/v2\/comments?post=2820"}],"wp:featuredmedia":[{"embeddable":true,"href":"https:\/\/pizzatta.ro\/index.php\/wp-json\/wp\/v2\/media\/2821"}],"wp:attachment":[{"href":"https:\/\/pizzatta.ro\/index.php\/wp-json\/wp\/v2\/media?parent=2820"}],"wp:term":[{"taxonomy":"product_brand","embeddable":true,"href":"https:\/\/pizzatta.ro\/index.php\/wp-json\/wp\/v2\/product_brand?post=2820"},{"taxonomy":"product_cat","embeddable":true,"href":"https:\/\/pizzatta.ro\/index.php\/wp-json\/wp\/v2\/product_cat?post=2820"},{"taxonomy":"product_tag","embeddable":true,"href":"https:\/\/pizzatta.ro\/index.php\/wp-json\/wp\/v2\/product_tag?post=2820"}],"curies":[{"name":"wp","href":"https:\/\/api.w.org\/{rel}","templated":true}]}}