{"id":2814,"date":"2025-05-31T09:04:16","date_gmt":"2025-05-31T09:04:16","guid":{"rendered":"https:\/\/pizzatta.ro\/?post_type=product&#038;p=2814"},"modified":"2025-05-31T14:19:56","modified_gmt":"2025-05-31T14:19:56","slug":"tamam-feteasca-neagra-rose-sec-750-ml","status":"publish","type":"product","link":"https:\/\/pizzatta.ro\/index.php\/produs\/tamam-feteasca-neagra-rose-sec-750-ml\/","title":{"rendered":"TAMAM FETEASCA NEAGRA ROSE SEC 750 ML"},"content":{"rendered":"<p>Acest vin rose sec ob\u021binut din soiul Feteasc\u0103 Neagr\u0103 prezint\u0103 o elegan\u021b\u0103 rafinat\u0103 \u0219i o palet\u0103 aromatic\u0103 subtil\u0103. Cu o culoare roz delicat\u0103 \u0219i str\u0103lucitoare, dezv\u0103luie arome florale delicate de trandafiri \u0219i iasomie, sus\u021binute de nuan\u021be subtile de fructe ro\u0219ii proaspete precum c\u0103p\u0219uni \u0219i prune uscate. Gustul este proasp\u0103t, cu o aciditate bine echilibrat\u0103 \u0219i note u\u0219or condimentate. Pe palatin, dezv\u0103luie arome de zmeur\u0103 \u0219i mure, cu o not\u0103 fin\u0103 de piper alb. Finisajul lung \u0219i pl\u0103cut las\u0103 o senza\u021bie de prospe\u021bime \u0219i invita\u021bie la o nou\u0103 \u00eenghi\u021bitur\u0103.<\/p>\n","protected":false},"excerpt":{"rendered":"<p>VARIETATE <em><strong>Feteasc\u0103 Neagr\u0103<\/strong><\/em><br \/>\nTIP <em><strong>Vin ros\u00e9 sec<\/strong><\/em><br \/>\nREGIUNE <em><strong>Murfatlar<\/strong><\/em><br \/>\nAN PRODUC\u021aIE <em><strong>2022<\/strong><\/em><br \/>\nALCOOL <em><strong>13.50%<\/strong><\/em><br \/>\nVOLUM <em><strong>750 ml<\/strong><\/em><\/p>\n","protected":false},"featured_media":2815,"comment_status":"open","ping_status":"closed","template":"","meta":[],"product_brand":[],"product_cat":[57],"product_tag":[],"class_list":{"0":"post-2814","1":"product","2":"type-product","3":"status-publish","4":"has-post-thumbnail","6":"product_cat-vin-domeniile-caraman","8":"first","9":"instock","10":"shipping-taxable","11":"purchasable","12":"product-type-simple"},"_links":{"self":[{"href":"https:\/\/pizzatta.ro\/index.php\/wp-json\/wp\/v2\/product\/2814","targetHints":{"allow":["GET"]}}],"collection":[{"href":"https:\/\/pizzatta.ro\/index.php\/wp-json\/wp\/v2\/product"}],"about":[{"href":"https:\/\/pizzatta.ro\/index.php\/wp-json\/wp\/v2\/types\/product"}],"replies":[{"embeddable":true,"href":"https:\/\/pizzatta.ro\/index.php\/wp-json\/wp\/v2\/comments?post=2814"}],"wp:featuredmedia":[{"embeddable":true,"href":"https:\/\/pizzatta.ro\/index.php\/wp-json\/wp\/v2\/media\/2815"}],"wp:attachment":[{"href":"https:\/\/pizzatta.ro\/index.php\/wp-json\/wp\/v2\/media?parent=2814"}],"wp:term":[{"taxonomy":"product_brand","embeddable":true,"href":"https:\/\/pizzatta.ro\/index.php\/wp-json\/wp\/v2\/product_brand?post=2814"},{"taxonomy":"product_cat","embeddable":true,"href":"https:\/\/pizzatta.ro\/index.php\/wp-json\/wp\/v2\/product_cat?post=2814"},{"taxonomy":"product_tag","embeddable":true,"href":"https:\/\/pizzatta.ro\/index.php\/wp-json\/wp\/v2\/product_tag?post=2814"}],"curies":[{"name":"wp","href":"https:\/\/api.w.org\/{rel}","templated":true}]}}