{"id":2812,"date":"2025-05-31T09:01:08","date_gmt":"2025-05-31T09:01:08","guid":{"rendered":"https:\/\/pizzatta.ro\/?post_type=product&#038;p=2812"},"modified":"2025-05-31T14:25:02","modified_gmt":"2025-05-31T14:25:02","slug":"tamam-muscat-otonel-alb-demisec-750-ml","status":"publish","type":"product","link":"https:\/\/pizzatta.ro\/index.php\/produs\/tamam-muscat-otonel-alb-demisec-750-ml\/","title":{"rendered":"TAMAM MUSCAT OTONEL ALB SEC 750 ML"},"content":{"rendered":"<p>Acest vin alb sec ob\u021binut din soiul Muscat Ottonel este un deliciu aromatic. Acest sortiment de struguri, cunoscut pentru calit\u0103\u021bile sale specifice, ofer\u0103 o experien\u021b\u0103 deosebit\u0103. Mirosul seduc\u0103tor \u00eenc\u00e2nt\u0103 sim\u021burile cu arome florale delicate, note de trandafiri \u0219i iasomie, completate de o tent\u0103 u\u0219or citric\u0103. Gustul distinctiv este proasp\u0103t \u0219i fructat, cu accente de piersic\u0103 \u0219i grapefruit, echilibrat de o aciditate pl\u0103cut\u0103. Acest vin este o alegere excelent\u0103 pentru momente de r\u0103sf\u0103\u021b \u0219i bucurie, purt\u00e2ndu-te \u00eentr-o c\u0103l\u0103torie olfactiv\u0103 \u0219i gustativ\u0103 inegalabil\u0103.<\/p>\n","protected":false},"excerpt":{"rendered":"<p>VARIETATE <em><strong>Muscat Ottonel<\/strong><\/em><br \/>\nTIP <em><strong>Vin alb sec<\/strong><\/em><br \/>\nREGIUNE <em><strong>Murfatlar<\/strong><\/em><br \/>\nAN PRODUC\u021aIE <em><strong>2022<\/strong><\/em><br \/>\nALCOOL <em><strong>13.50%<\/strong><\/em><br \/>\nVOLUM <em><strong>750 ml<\/strong><\/em><\/p>\n","protected":false},"featured_media":2813,"comment_status":"open","ping_status":"closed","template":"","meta":[],"product_brand":[],"product_cat":[57],"product_tag":[],"class_list":{"0":"post-2812","1":"product","2":"type-product","3":"status-publish","4":"has-post-thumbnail","6":"product_cat-vin-domeniile-caraman","8":"first","9":"instock","10":"shipping-taxable","11":"purchasable","12":"product-type-simple"},"_links":{"self":[{"href":"https:\/\/pizzatta.ro\/index.php\/wp-json\/wp\/v2\/product\/2812","targetHints":{"allow":["GET"]}}],"collection":[{"href":"https:\/\/pizzatta.ro\/index.php\/wp-json\/wp\/v2\/product"}],"about":[{"href":"https:\/\/pizzatta.ro\/index.php\/wp-json\/wp\/v2\/types\/product"}],"replies":[{"embeddable":true,"href":"https:\/\/pizzatta.ro\/index.php\/wp-json\/wp\/v2\/comments?post=2812"}],"wp:featuredmedia":[{"embeddable":true,"href":"https:\/\/pizzatta.ro\/index.php\/wp-json\/wp\/v2\/media\/2813"}],"wp:attachment":[{"href":"https:\/\/pizzatta.ro\/index.php\/wp-json\/wp\/v2\/media?parent=2812"}],"wp:term":[{"taxonomy":"product_brand","embeddable":true,"href":"https:\/\/pizzatta.ro\/index.php\/wp-json\/wp\/v2\/product_brand?post=2812"},{"taxonomy":"product_cat","embeddable":true,"href":"https:\/\/pizzatta.ro\/index.php\/wp-json\/wp\/v2\/product_cat?post=2812"},{"taxonomy":"product_tag","embeddable":true,"href":"https:\/\/pizzatta.ro\/index.php\/wp-json\/wp\/v2\/product_tag?post=2812"}],"curies":[{"name":"wp","href":"https:\/\/api.w.org\/{rel}","templated":true}]}}