{"id":2804,"date":"2025-05-31T08:36:30","date_gmt":"2025-05-31T08:36:30","guid":{"rendered":"https:\/\/pizzatta.ro\/?post_type=product&#038;p=2804"},"modified":"2025-05-31T14:26:15","modified_gmt":"2025-05-31T14:26:15","slug":"tabu-alb-demisec-750ml","status":"publish","type":"product","link":"https:\/\/pizzatta.ro\/index.php\/produs\/tabu-alb-demisec-750ml\/","title":{"rendered":"TABU ALB DEMISEC 750ML"},"content":{"rendered":"<p>\u00cen acest cupaj de vin alb demi-sec, se \u00eentrep\u0103trund dou\u0103 soiuri nobile, Muscat Ottonel \u0219i Riesling, cre\u00e2nd o experien\u021b\u0103 vinicol\u0103 remarcabil\u0103. Muscat Ottonel aduce arome seduc\u0103toare de flori de portocal \u0219i trandafir, accentuate de notele subtile de piersici coapte \u0219i citrice. Riesling-ul adaug\u0103 complexitate cu nuan\u021be de mere verzi, piersici albe \u0219i o mineralitate rafinat\u0103. Gustul demisec ofer\u0103 o dulcea\u021b\u0103 delicat\u0103, echilibrat\u0103 cu o aciditate proasp\u0103t\u0103, \u00eembr\u0103\u021bi\u0219\u00e2nd sim\u021burile cu un finisaj lung, floral \u0219i pl\u0103cut. O combina\u021bie artistic\u0103 care \u00eenc\u00e2nt\u0103 palatul tuturor iubitorilor de vinuri rafinate.<\/p>\n","protected":false},"excerpt":{"rendered":"<p>CUPAJ <em><strong>Muscat Ottonel \u2013 Riesling<\/strong><\/em><br \/>\nTIP <em><strong>Vin alb demi-sec<\/strong><\/em><br \/>\nREGIUNE <em><strong>Murfatlar<\/strong><\/em><br \/>\nAN PRODUC\u021aIE <em><strong>2022<\/strong><\/em><br \/>\nALCOOL <em><strong>13.00%<\/strong><\/em><br \/>\nVOLUM <em><strong>750 ml<\/strong><\/em><\/p>\n","protected":false},"featured_media":2805,"comment_status":"open","ping_status":"closed","template":"","meta":[],"product_brand":[],"product_cat":[57],"product_tag":[],"class_list":{"0":"post-2804","1":"product","2":"type-product","3":"status-publish","4":"has-post-thumbnail","6":"product_cat-vin-domeniile-caraman","8":"first","9":"instock","10":"shipping-taxable","11":"purchasable","12":"product-type-simple"},"_links":{"self":[{"href":"https:\/\/pizzatta.ro\/index.php\/wp-json\/wp\/v2\/product\/2804","targetHints":{"allow":["GET"]}}],"collection":[{"href":"https:\/\/pizzatta.ro\/index.php\/wp-json\/wp\/v2\/product"}],"about":[{"href":"https:\/\/pizzatta.ro\/index.php\/wp-json\/wp\/v2\/types\/product"}],"replies":[{"embeddable":true,"href":"https:\/\/pizzatta.ro\/index.php\/wp-json\/wp\/v2\/comments?post=2804"}],"wp:featuredmedia":[{"embeddable":true,"href":"https:\/\/pizzatta.ro\/index.php\/wp-json\/wp\/v2\/media\/2805"}],"wp:attachment":[{"href":"https:\/\/pizzatta.ro\/index.php\/wp-json\/wp\/v2\/media?parent=2804"}],"wp:term":[{"taxonomy":"product_brand","embeddable":true,"href":"https:\/\/pizzatta.ro\/index.php\/wp-json\/wp\/v2\/product_brand?post=2804"},{"taxonomy":"product_cat","embeddable":true,"href":"https:\/\/pizzatta.ro\/index.php\/wp-json\/wp\/v2\/product_cat?post=2804"},{"taxonomy":"product_tag","embeddable":true,"href":"https:\/\/pizzatta.ro\/index.php\/wp-json\/wp\/v2\/product_tag?post=2804"}],"curies":[{"name":"wp","href":"https:\/\/api.w.org\/{rel}","templated":true}]}}