{"id":2378,"date":"2024-04-09T17:57:56","date_gmt":"2024-04-09T17:57:56","guid":{"rendered":"https:\/\/pizzatta.ro\/?post_type=product&#038;p=2378"},"modified":"2025-05-31T11:07:18","modified_gmt":"2025-05-31T11:07:18","slug":"penne-pomodoro","status":"publish","type":"product","link":"https:\/\/pizzatta.ro\/index.php\/produs\/penne-pomodoro\/","title":{"rendered":"Penne Pomodoro"},"content":{"rendered":"<p>Gramaj: 420g;<\/p>\n<p>&nbsp;<\/p>\n<p>Contine: Penne 200g, rosii cuburi 70g, ceapa 30g, unt 30g, sare, piper, usturoi, ciuperci 60g, parmezan ras 30g, patrunjel;<\/p>\n<p>&nbsp;<\/p>\n<p>&nbsp;<\/p>\n<p>Ingrediente: Penne rigate 200g (gris din grau dur , apa), rosii cuburi 70g (Ro\u0219ii cuburi 60% (ro\u0219ii, suc de ro\u0219ii, regulator de aciditate: acid citric), past\u0103 de ro\u0219ii 35%, ceap\u0103 rehidratat\u0103, ulei de rapi\u021b\u0103, zah\u0103r, sare, oregano, busuioc, m\u0103ghiran), ceapa 30g, unt 30g (Ingrediente: Produs ob\u021binut prin prelucrarea sm\u00e2nt\u00e2nii pasteurizate la temperatur\u0103 \u00eenalt\u0103. Con\u021binut de gr\u0103sime: 65%,sare (Sare gema, Iodat de potasiu: min. 42 mg\/kg sare, max. 67.2 mg\/kg sare. Iod: min. 25 mg\/kg sare, max. 40 mg\/kg sare, antiaglomerant (E 536)), piper, usturoi, ciuperci 60g, patrunjel, parmezan 30g (LAPTE, sare, cheag);<\/p>\n<p>&nbsp;<\/p>\n<p>&nbsp;<\/p>\n<p>Informa\u021bii nutri\u021bionale 100g:<br \/>\nValoare Energetic\u0103 (kJ\/kcal): 468.8 \/ 111.4,<br \/>\nGr\u0103simi (g): 3.5 din care: Acizi gra\u0219i satura\u021bi (g) 1.6,<br \/>\nGlucide (g): 15.4 din care: Zaharuri (g): 2,<br \/>\nProteine (g): 5.2,<br \/>\nSare (g): 1;<\/p>\n<p>&nbsp;<\/p>\n<p>&nbsp;<\/p>\n<p>Alergeni: Gluten, Ou\u0103, Lapte.<\/p>\n","protected":false},"excerpt":{"rendered":"<p>420g<\/p>\n","protected":false},"featured_media":2379,"comment_status":"open","ping_status":"closed","template":"","meta":[],"product_brand":[],"product_cat":[53],"product_tag":[],"class_list":{"0":"post-2378","1":"product","2":"type-product","3":"status-publish","4":"has-post-thumbnail","6":"product_cat-paste","8":"first","9":"instock","10":"shipping-taxable","11":"purchasable","12":"product-type-simple"},"_links":{"self":[{"href":"https:\/\/pizzatta.ro\/index.php\/wp-json\/wp\/v2\/product\/2378","targetHints":{"allow":["GET"]}}],"collection":[{"href":"https:\/\/pizzatta.ro\/index.php\/wp-json\/wp\/v2\/product"}],"about":[{"href":"https:\/\/pizzatta.ro\/index.php\/wp-json\/wp\/v2\/types\/product"}],"replies":[{"embeddable":true,"href":"https:\/\/pizzatta.ro\/index.php\/wp-json\/wp\/v2\/comments?post=2378"}],"wp:featuredmedia":[{"embeddable":true,"href":"https:\/\/pizzatta.ro\/index.php\/wp-json\/wp\/v2\/media\/2379"}],"wp:attachment":[{"href":"https:\/\/pizzatta.ro\/index.php\/wp-json\/wp\/v2\/media?parent=2378"}],"wp:term":[{"taxonomy":"product_brand","embeddable":true,"href":"https:\/\/pizzatta.ro\/index.php\/wp-json\/wp\/v2\/product_brand?post=2378"},{"taxonomy":"product_cat","embeddable":true,"href":"https:\/\/pizzatta.ro\/index.php\/wp-json\/wp\/v2\/product_cat?post=2378"},{"taxonomy":"product_tag","embeddable":true,"href":"https:\/\/pizzatta.ro\/index.php\/wp-json\/wp\/v2\/product_tag?post=2378"}],"curies":[{"name":"wp","href":"https:\/\/api.w.org\/{rel}","templated":true}]}}