{"id":2069,"date":"2024-03-02T20:31:26","date_gmt":"2024-03-02T20:31:26","guid":{"rendered":"https:\/\/pizzatta.ro\/?post_type=product&#038;p=2069"},"modified":"2025-05-31T11:08:57","modified_gmt":"2025-05-31T11:08:57","slug":"cheesburger","status":"publish","type":"product","link":"https:\/\/pizzatta.ro\/index.php\/produs\/cheesburger\/","title":{"rendered":"Cheesburger"},"content":{"rendered":"<p>Gramaj: 450g;<\/p>\n<p>&nbsp;<\/p>\n<p>Contine: Chifla 90G, carne vita 90G, salata 20G, rosii 20G, ceapa 20G, chedar 10G, castraveti murati 20G, sosul pizzatta 30G, cartofi prajiti 150G;<\/p>\n<p>&nbsp;<\/p>\n<p>Ingrediente: Chifla 90G ((Faina de grau alba 550), Sare gema, Iodat de potasiu: min. 42 mg\/kg sare, max. 67.2 mg\/kg sare. Iod: min. 25 mg\/kg sare, max. 40 mg\/kg sare, antiaglomerant (E 536), Drojdie pentru panificatie, emulgator alimentar E491), carne porc\/vita 120G, salata 20G, rosii 20G, ceapa 20G, chedar 10G (branza Cheddar (71%), apa, unt, lapte praf degresat, saruri de topire E331 si E339, proteina din lapte, arome naturale de branza, zer pudra, sare, coloranti E160a si E160c, antiaglomerant lecitina din floarea soarelui.), castraveti murati 20G, sosul pizzatta 30G (ulei rafinat de floarea soarelui* (53%), ap\u00e5 (29%), zah\u0103r, otet din alcool, mustar (ap\u0103, otet din alcool, boabe de mustar, zahar, sare), amidonuri modificate, sare, acidifiant (acid lactic), praf de ou integral (0,3%6), agent de ingrosare (gum\u0103 de xantan), conservanti (sorbat de potasiu, benzoat de sodiu), colorant caroteni), antioxidant (calciu-disodic-EDTA) Origine ulei rafinat de floarea-soarelui \u015fi praf de ou integral: din UE si din afara UE, ap\u0103, boabe de mustar 14% (de origine din UE si din afara UE), otet din alcool, zah\u0103r, sare, aqent de \u00eengrosare (gum\u0103 de xantan), acidifiant (acid citric),past\u0103 tomate, zah\u0103r, ofet de vin, amidon modificat din porumb, sare iodat\u0103, condimente.), cartofi prajiti 150G;<\/p>\n<p>&nbsp;<\/p>\n<p>Valori medii nutri\u021bionale pentru 100 g:<br \/>\nCalorii 830 kj \/ 198.46 kCal,<br \/>\nGr\u0103simi 10.34 g din care Saturate 5.38 g si Ne-Saturate 4.96 g,<br \/>\nCarbohidra\u021bi 15.23 g din care Zaharuri 3.2 g,<br \/>\nProteine 11.12 g,<br \/>\nSare 850 mg;<\/p>\n<p>&nbsp;<\/p>\n<p>Alergeni: Gluten, Soia, Lapte. Poate con\u021bine urme de: Ou\u0103, \u021aelin\u0103, Mu\u0219tar.<\/p>\n","protected":false},"excerpt":{"rendered":"<p>450g<\/p>\n","protected":false},"featured_media":2070,"comment_status":"open","ping_status":"closed","template":"","meta":[],"product_brand":[],"product_cat":[34],"product_tag":[],"class_list":{"0":"post-2069","1":"product","2":"type-product","3":"status-publish","4":"has-post-thumbnail","6":"product_cat-readytobox","8":"first","9":"instock","10":"shipping-taxable","11":"purchasable","12":"product-type-simple"},"_links":{"self":[{"href":"https:\/\/pizzatta.ro\/index.php\/wp-json\/wp\/v2\/product\/2069","targetHints":{"allow":["GET"]}}],"collection":[{"href":"https:\/\/pizzatta.ro\/index.php\/wp-json\/wp\/v2\/product"}],"about":[{"href":"https:\/\/pizzatta.ro\/index.php\/wp-json\/wp\/v2\/types\/product"}],"replies":[{"embeddable":true,"href":"https:\/\/pizzatta.ro\/index.php\/wp-json\/wp\/v2\/comments?post=2069"}],"wp:featuredmedia":[{"embeddable":true,"href":"https:\/\/pizzatta.ro\/index.php\/wp-json\/wp\/v2\/media\/2070"}],"wp:attachment":[{"href":"https:\/\/pizzatta.ro\/index.php\/wp-json\/wp\/v2\/media?parent=2069"}],"wp:term":[{"taxonomy":"product_brand","embeddable":true,"href":"https:\/\/pizzatta.ro\/index.php\/wp-json\/wp\/v2\/product_brand?post=2069"},{"taxonomy":"product_cat","embeddable":true,"href":"https:\/\/pizzatta.ro\/index.php\/wp-json\/wp\/v2\/product_cat?post=2069"},{"taxonomy":"product_tag","embeddable":true,"href":"https:\/\/pizzatta.ro\/index.php\/wp-json\/wp\/v2\/product_tag?post=2069"}],"curies":[{"name":"wp","href":"https:\/\/api.w.org\/{rel}","templated":true}]}}