{"id":2031,"date":"2024-03-02T19:08:40","date_gmt":"2024-03-02T19:08:40","guid":{"rendered":"https:\/\/pizzatta.ro\/?post_type=product&#038;p=2031"},"modified":"2025-05-31T11:46:17","modified_gmt":"2025-05-31T11:46:17","slug":"pizza-vegetariana","status":"publish","type":"product","link":"https:\/\/pizzatta.ro\/index.php\/produs\/pizza-vegetariana\/","title":{"rendered":"Pizza Vegetariana"},"content":{"rendered":"<p>Gramaj: 550g;<\/p>\n<p>&nbsp;<\/p>\n<p>Ingrediente: Blat 270g (Faina de grau alba 550), Sare gema, Iodat de potasiu: min. 42 mg\/kg sare, max. 67.2 mg\/kg sare. Iod: min. 25 mg\/kg sare, max. 40 mg\/kg sare, antiaglomerant (E 536), Drojdie pentru panificatie, emulgator alimentar E491, sos pizza 70g (Ro\u0219ii cuburi 60% (ro\u0219ii, suc de ro\u0219ii, regulator de aciditate: acid citric), past\u0103 de ro\u0219ii 35%, ceap\u0103 rehidratat\u0103, ulei de rapi\u021b\u0103, zah\u0103r, sare, oregano, busuioc, m\u0103ghiran), mozzarella 120g (Lapte de vaca pasteurizat, sare, culturi lactice, cheag, agent antiaglomerant: amidon din cartofi), rosii 30g, ceapa 10g, masline 20g (Masline fara samburi, innegrite prin oxidare, apa, sare, corector de aciditate: acid lactic, stabilizator: lactat feros.), ciuperci 20g, porumb 10g (Porumb dulce boabe, apa, sare (Sare gema, Iodat de potasiu: min. 42 mg\/kg sare, max. 67.2 mg\/kg sare. Iod: min. 25 mg\/kg sare, max. 40 mg\/kg sare, antiaglomerant (E 536));<\/p>\n<p>&nbsp;<\/p>\n<p>Informa\u021bii nutri\u021bionale 100g:<\/p>\n<p>Valoare Energetic\u0103 (kJ\/kcal): 931.9 \/ 224.5,<\/p>\n<p>Gr\u0103simi (g): 8.9 din care: Acizi gra\u0219i satura\u021bi (g) 3.4,<\/p>\n<p>Glucide (g): 27.9 din care: Zaharuri (g): 4.2,<\/p>\n<p>Proteine (g): 9,<\/p>\n<p>Sare (g): 1.5;<\/p>\n<p>&nbsp;<\/p>\n<p>Alergeni:Gluten, Lapte.<\/p>\n","protected":false},"excerpt":{"rendered":"<p>550g<\/p>\n","protected":false},"featured_media":2032,"comment_status":"open","ping_status":"closed","template":"","meta":[],"product_brand":[],"product_cat":[32],"product_tag":[39],"class_list":{"0":"post-2031","1":"product","2":"type-product","3":"status-publish","4":"has-post-thumbnail","6":"product_cat-pizza","7":"product_tag-pizza","9":"first","10":"instock","11":"shipping-taxable","12":"purchasable","13":"product-type-simple"},"_links":{"self":[{"href":"https:\/\/pizzatta.ro\/index.php\/wp-json\/wp\/v2\/product\/2031","targetHints":{"allow":["GET"]}}],"collection":[{"href":"https:\/\/pizzatta.ro\/index.php\/wp-json\/wp\/v2\/product"}],"about":[{"href":"https:\/\/pizzatta.ro\/index.php\/wp-json\/wp\/v2\/types\/product"}],"replies":[{"embeddable":true,"href":"https:\/\/pizzatta.ro\/index.php\/wp-json\/wp\/v2\/comments?post=2031"}],"wp:featuredmedia":[{"embeddable":true,"href":"https:\/\/pizzatta.ro\/index.php\/wp-json\/wp\/v2\/media\/2032"}],"wp:attachment":[{"href":"https:\/\/pizzatta.ro\/index.php\/wp-json\/wp\/v2\/media?parent=2031"}],"wp:term":[{"taxonomy":"product_brand","embeddable":true,"href":"https:\/\/pizzatta.ro\/index.php\/wp-json\/wp\/v2\/product_brand?post=2031"},{"taxonomy":"product_cat","embeddable":true,"href":"https:\/\/pizzatta.ro\/index.php\/wp-json\/wp\/v2\/product_cat?post=2031"},{"taxonomy":"product_tag","embeddable":true,"href":"https:\/\/pizzatta.ro\/index.php\/wp-json\/wp\/v2\/product_tag?post=2031"}],"curies":[{"name":"wp","href":"https:\/\/api.w.org\/{rel}","templated":true}]}}