{"id":2019,"date":"2024-03-02T18:57:11","date_gmt":"2024-03-02T18:57:11","guid":{"rendered":"https:\/\/pizzatta.ro\/?post_type=product&#038;p=2019"},"modified":"2025-05-31T11:47:19","modified_gmt":"2025-05-31T11:47:19","slug":"pizza-prosciutto-e-funghi","status":"publish","type":"product","link":"https:\/\/pizzatta.ro\/index.php\/produs\/pizza-prosciutto-e-funghi\/","title":{"rendered":"Pizza Prosciutto e Funghi"},"content":{"rendered":"<p>Gramaj: 550g;<\/p>\n<p>&nbsp;<\/p>\n<p>Ingrediente: Blat 270g (Faina de grau alba 550), Sare gema, Iodat de potasiu: min. 42 mg\/kg sare, max. 67.2 mg\/kg sare. Iod: min. 25 mg\/kg sare, max. 40 mg\/kg sare, antiaglomerant (E 536), Drojdie pentru panificatie, emulgator alimentar E491, mozzarella 120g (Lapte de vaca pasteurizat, sare, culturi lactice, cheag, agent antiaglomerant: amidon din cartofi), sunca50g (pulpa de porc din UE, apa, carne de porc, amidon, sorici, agent de intarire ( lactat de sodiu ), sare, zaharuri ( dextroza ), proteina vegetala din soia, stabilizatori (trifosfati), fibre vegetale, proteina animala din porc, agent de ingrosare (caragenan), antioxidant ( ascorbat de sodiu, extract bogat in tocoferol), potentiator de aroma ( proteina vegetala hidrolizata, extract de drojdie), arome, conservant (nitrit de sodiu)), ciuperci30g, sos50g (Ro\u0219ii cuburi 60% (ro\u0219ii, suc de ro\u0219ii, regulator de aciditate: acid citric), past\u0103 de ro\u0219ii 35%, ceap\u0103 rehidratat\u0103, ulei de rapi\u021b\u0103, zah\u0103r, sare, oregano, busuioc, m\u0103ghiran);<\/p>\n<p>&nbsp;<\/p>\n<p>Informa\u021bii nutri\u021bionale 100g:<\/p>\n<p>Valoare Energetic\u0103 (kJ\/kcal): 1013.7 \/ 241.7<\/p>\n<p>Gr\u0103simi (g): 10.3 din care: Acizi gra\u0219i satura\u021bi (g) 3.9,<\/p>\n<p>Glucide (g): 27.2 din care: Zaharuri (g): 2.9,<\/p>\n<p>Proteine (g): 11,<\/p>\n<p>Sare (g): 1.8;<\/p>\n<p>&nbsp;<\/p>\n<p>Alergeni:Gluten, Soia, Lapte. Poate con\u021bine urme de: \u021aelin\u0103, Mu\u0219tar.<\/p>\n","protected":false},"excerpt":{"rendered":"<p>550g<\/p>\n","protected":false},"featured_media":2020,"comment_status":"open","ping_status":"closed","template":"","meta":[],"product_brand":[],"product_cat":[32],"product_tag":[39],"class_list":{"0":"post-2019","1":"product","2":"type-product","3":"status-publish","4":"has-post-thumbnail","6":"product_cat-pizza","7":"product_tag-pizza","9":"first","10":"instock","11":"shipping-taxable","12":"purchasable","13":"product-type-simple"},"_links":{"self":[{"href":"https:\/\/pizzatta.ro\/index.php\/wp-json\/wp\/v2\/product\/2019","targetHints":{"allow":["GET"]}}],"collection":[{"href":"https:\/\/pizzatta.ro\/index.php\/wp-json\/wp\/v2\/product"}],"about":[{"href":"https:\/\/pizzatta.ro\/index.php\/wp-json\/wp\/v2\/types\/product"}],"replies":[{"embeddable":true,"href":"https:\/\/pizzatta.ro\/index.php\/wp-json\/wp\/v2\/comments?post=2019"}],"wp:featuredmedia":[{"embeddable":true,"href":"https:\/\/pizzatta.ro\/index.php\/wp-json\/wp\/v2\/media\/2020"}],"wp:attachment":[{"href":"https:\/\/pizzatta.ro\/index.php\/wp-json\/wp\/v2\/media?parent=2019"}],"wp:term":[{"taxonomy":"product_brand","embeddable":true,"href":"https:\/\/pizzatta.ro\/index.php\/wp-json\/wp\/v2\/product_brand?post=2019"},{"taxonomy":"product_cat","embeddable":true,"href":"https:\/\/pizzatta.ro\/index.php\/wp-json\/wp\/v2\/product_cat?post=2019"},{"taxonomy":"product_tag","embeddable":true,"href":"https:\/\/pizzatta.ro\/index.php\/wp-json\/wp\/v2\/product_tag?post=2019"}],"curies":[{"name":"wp","href":"https:\/\/api.w.org\/{rel}","templated":true}]}}