{"id":2017,"date":"2024-03-02T18:53:49","date_gmt":"2024-03-02T18:53:49","guid":{"rendered":"https:\/\/pizzatta.ro\/?post_type=product&#038;p=2017"},"modified":"2025-05-31T11:47:39","modified_gmt":"2025-05-31T11:47:39","slug":"pizza-quatro-stagioni","status":"publish","type":"product","link":"https:\/\/pizzatta.ro\/index.php\/produs\/pizza-quatro-stagioni\/","title":{"rendered":"Pizza Quatro Stagioni"},"content":{"rendered":"<p>Gramaj: 550g;<\/p>\n<p>&nbsp;<\/p>\n<p>Ingrediente: Blat 270g(Faina de grau alba 550),Sare gema, Iodat de potasiu: min. 42 mg\/kg sare, max. 67.2 mg\/kg sare. Iod: min. 25 mg\/kg sare, max. 40 mg\/kg sare, antiaglomerant (E 536), Drojdie pentru panificatie, emulgator alimentar E491, mozzarella100g(Lapte de vaca pasteurizat, sare, culturi lactice, cheag, agent antiaglomerant: amidon din cartofi), sunca 30g (pulpa de porc din UE, apa, carne de porc, amidon, sorici, agent de intarire ( lactat de sodiu ), sare, zaharuri ( dextroza ), proteina vegetala din soia, stabilizatori (trifosfati), fibre vegetale, proteina animala din porc, agent de ingrosare (caragenan), antioxidant ( ascorbat de sodiu, extract bogat in tocoferol), potentiator de aroma ( proteina vegetala hidrolizata, extract de drojdie), arome, conservant (nitrit de sodiu)), salam 40g (carne de porc din UE, slanina ,carne de vita, sorici, sare, proteina vegetala din soia, zaharuri (zahar, dextroza, sirop de glucoza), stabilizatori (difosfati, trifosfati, clorura potasiu ), extracte de condimente, condimente, agenti de ingrosare (caragenan , konjac ), potentiator de aroma (monoglutamat de sodiu), fibre vegetale din soia, emulsifiant ( esteri ai acidului citric cu mono &#8211; si digliceridele acizilor grasi ), antioxidanti (eritorbat de sodiu, ascorbat de sodiu), aroma, proteina animala din porc, conservant (nitrit de sodiu), colorant (carmine), tratament de suprafata (lactat de sodiu, acid lactic)), ciuperci 30g, masline 20g (Masline fara samburi, innegrite prin oxidare, apa, sare, corector de aciditate: acid lactic, stabilizator: lactat feros.), sos pizza 60g (Ro\u0219ii cuburi 60% (ro\u0219ii, suc de ro\u0219ii, regulator de aciditate: acid citric), past\u0103 de ro\u0219ii 35%, ceap\u0103 rehidratat\u0103, ulei de rapi\u021b\u0103, zah\u0103r, sare, oregano, busuioc, m\u0103ghiran);<\/p>\n<p>&nbsp;<\/p>\n<p>Valori medii nutri\u021bionale pentru 100 g:<\/p>\n<p>Calorii749 kj \/ 179 kCal<\/p>\n<p>Gr\u0103simi 5.4g din care Saturate1.9g Ne-Saturate 3.5g<\/p>\n<p>Carbohidra\u021bi 24g din care Zaharuri 2.7g<\/p>\n<p>Fibre 2.6g<\/p>\n<p>Proteine 7.5g<\/p>\n<p>Sare 1000mg;<\/p>\n<p>&nbsp;<\/p>\n<p>Alergeni:Gluten, Soia, Lapte.Poate con\u021bine urme de: Ou\u0103, \u021aelin\u0103, Mu\u0219tar.<\/p>\n","protected":false},"excerpt":{"rendered":"<p>550g<\/p>\n","protected":false},"featured_media":2018,"comment_status":"open","ping_status":"closed","template":"","meta":[],"product_brand":[],"product_cat":[32],"product_tag":[39],"class_list":{"0":"post-2017","1":"product","2":"type-product","3":"status-publish","4":"has-post-thumbnail","6":"product_cat-pizza","7":"product_tag-pizza","9":"first","10":"instock","11":"shipping-taxable","12":"purchasable","13":"product-type-simple"},"_links":{"self":[{"href":"https:\/\/pizzatta.ro\/index.php\/wp-json\/wp\/v2\/product\/2017","targetHints":{"allow":["GET"]}}],"collection":[{"href":"https:\/\/pizzatta.ro\/index.php\/wp-json\/wp\/v2\/product"}],"about":[{"href":"https:\/\/pizzatta.ro\/index.php\/wp-json\/wp\/v2\/types\/product"}],"replies":[{"embeddable":true,"href":"https:\/\/pizzatta.ro\/index.php\/wp-json\/wp\/v2\/comments?post=2017"}],"wp:featuredmedia":[{"embeddable":true,"href":"https:\/\/pizzatta.ro\/index.php\/wp-json\/wp\/v2\/media\/2018"}],"wp:attachment":[{"href":"https:\/\/pizzatta.ro\/index.php\/wp-json\/wp\/v2\/media?parent=2017"}],"wp:term":[{"taxonomy":"product_brand","embeddable":true,"href":"https:\/\/pizzatta.ro\/index.php\/wp-json\/wp\/v2\/product_brand?post=2017"},{"taxonomy":"product_cat","embeddable":true,"href":"https:\/\/pizzatta.ro\/index.php\/wp-json\/wp\/v2\/product_cat?post=2017"},{"taxonomy":"product_tag","embeddable":true,"href":"https:\/\/pizzatta.ro\/index.php\/wp-json\/wp\/v2\/product_tag?post=2017"}],"curies":[{"name":"wp","href":"https:\/\/api.w.org\/{rel}","templated":true}]}}