{"id":848,"date":"2017-03-23T18:40:19","date_gmt":"2017-03-23T18:40:19","guid":{"rendered":"https:\/\/demo-storage.com\/pm\/wp\/vincent\/?page_id=848"},"modified":"2025-05-31T10:22:13","modified_gmt":"2025-05-31T10:22:13","slug":"home-5","status":"publish","type":"page","link":"https:\/\/pizzatta.ro\/","title":{"rendered":"Home 5"},"content":{"rendered":"<section class=\"wpb-content-wrapper\"><p>[vc_row full_width=&#8221;stretch_row_content_no_spaces&#8221; vincent_border_type=&#8221;figure&#8221; css=&#8221;.vc_custom_1492088314270{margin-top: -60px !important;background-position: center !important;background-repeat: no-repeat !important;background-size: cover !important;}&#8221;][vc_column css=&#8221;.vc_custom_1491546530601{padding-top: 0px !important;}&#8221;][pm_vc_stripes fullscreen_layout=&#8221;off&#8221; custom_css=&#8221;.vc_custom_1491547492141{margin-bottom: 0px !important;}&#8221;][pm_vc_stripes_item item_image=&#8221;1178&#8243; item_title=&#8221;AM DESCHIS&#8221; link_type=&#8221;link_all_item&#8221; item_link=&#8221;title:Contacteaz%C4%83-ne&#8221; overlay_color=&#8221;rgba(0,0,0,0.6)&#8221;][pm_vc_stripes_item item_image=&#8221;887&#8243; item_title=&#8221;MENIU&#8221; link_type=&#8221;link_all_item&#8221; item_link=&#8221;url:https%3A%2F%2Fpizzatta.ro%2Findex.php%2Fdiscover-our-menu%2F|title:DESCOPERI%C8%9AI%20SORTIMENTUL%20NOSTRU&#8221;][pm_vc_stripes_item item_image=&#8221;1163&#8243; item_title=&#8221;CINE SUNTEM?&#8221; link_type=&#8221;link_all_item&#8221; item_link=&#8221;url:https%3A%2F%2Fpizzatta.ro%2Findex.php%2Fabout-2%2F|title:CINE%20SUNTEM%3F&#8221;][pm_vc_stripes_item item_image=&#8221;1164&#8243; item_title=&#8221;PLIANT&#8221; link_type=&#8221;link_all_item&#8221; item_link=&#8221;url:https%3A%2F%2Fpizzatta.ro%2Fwp-content%2Fuploads%2Fpliant.pdf&#8221;][\/pm_vc_stripes][\/vc_column][\/vc_row][vc_row css=&#8221;.vc_custom_1490349834961{margin-bottom: 17px !important;}&#8221;][vc_column][vc_custom_heading text=&#8221;Nu suntem doar o pizzerie, suntem sursa ta de m\u00e2ncare calitativ\u0103 \u0219i s\u0103n\u0103toas\u0103!&#8221; font_container=&#8221;tag:h6|text_align:center&#8221; use_theme_fonts=&#8221;yes&#8221; css=&#8221;.vc_custom_1708762229201{margin-top: 67px !important;margin-bottom: 23px !important;}&#8221;][vc_custom_heading text=&#8221;F\u0102 O COMAND\u0102 \u0218I TE VEI INDR\u0102GOSTII DE PRODUSELE NOASTRE&#8221; font_container=&#8221;tag:h2|text_align:center&#8221; use_theme_fonts=&#8221;yes&#8221; css=&#8221;.vc_custom_1708762271278{margin-bottom: 46px !important;}&#8221;][vc_single_image image=&#8221;221&#8243; img_size=&#8221;full&#8221; alignment=&#8221;center&#8221; css=&#8221;.vc_custom_1490349795820{margin-bottom: 19px !important;}&#8221;][vc_column_text css=&#8221;.vc_custom_1711390889049{padding-right: 20px !important;padding-left: 20px !important;}&#8221;]<\/p>\n<p style=\"text-align: center;\">Meniul nostru variat este gata s\u0103 satisfac\u0103 \u0219i cei mai preten\u021bio\u0219i clien\u021bi. Comand\u0103 la noi \u0219i vei revenii cu siguran\u021b\u0103! Momentan livram doar in urmatoarele localitati si cartiere: Eforie Nord, Eforie Sud, Tuzla, Techirghiol, Agigea, Lazu, Cumpana, cartierele: Viile Noi, Veterani, KM 4-5, Far, Poarta 6\u00a0 si CET. Va multumim pentru intelegere!<\/p>\n<p>[\/vc_column_text][\/vc_column][\/vc_row][vc_row css=&#8221;.vc_custom_1490349867208{margin-bottom: 63px !important;}&#8221;][vc_column width=&#8221;1\/3&#8243;][pm_vc_iconbox icon_image_type=&#8221;360&#8243; iconbox_heading=&#8221;RE\u021aETE ORIGINALE&#8221; iconbox_text=&#8221;RE\u021aETE ORIGINALE&#8221; iconbox_heading_color=&#8221;#dce4e8&#8243; iconbox_text_color=&#8221;#dce4e8&#8243;][\/vc_column][vc_column width=&#8221;1\/3&#8243;][pm_vc_iconbox icon_image_type=&#8221;361&#8243; iconbox_heading=&#8221;INGREDIENTE DE CALITATE&#8221; iconbox_text=&#8221;INGREDIENTE DE CALITATE&#8221; iconbox_heading_color=&#8221;#dce4e8&#8243; iconbox_text_color=&#8221;#dce4e8&#8243;][\/vc_column][vc_column width=&#8221;1\/3&#8243;][pm_vc_iconbox icon_image_type=&#8221;359&#8243; iconbox_heading=&#8221;LIVRARE RAPID\u0102&#8221; iconbox_text=&#8221;LIVRARE RAPID\u0102&#8221; iconbox_heading_color=&#8221;#dce4e8&#8243; iconbox_text_color=&#8221;#dce4e8&#8243;][\/vc_column][\/vc_row][vc_row full_width=&#8221;stretch_row_content_no_spaces&#8221; css=&#8221;.vc_custom_1491486865135{margin-bottom: 5px !important;}&#8221;][vc_column css=&#8221;.vc_custom_1491486875041{padding-right: 30px !important;padding-left: 90px !important;}&#8221;][vc_custom_heading text=&#8221;Produsele noastre te a\u0219teapt\u0103 sa le savurezi!&#8221; font_container=&#8221;tag:h2|text_align:center&#8221; use_theme_fonts=&#8221;yes&#8221; css=&#8221;.vc_custom_1711393336256{margin-bottom: 56px !important;margin-left: -20px !important;}&#8221;][vc_masonry_media_grid element_width=&#8221;3&#8243; gap=&#8221;60&#8243; grid_id=&#8221;vc_gid:1748686921153-507d5d64-f809-1&#8243; include=&#8221;1151,1152,1153,1154,1155,1156,1157,1158&#8243;][\/vc_column][\/vc_row][vc_row][vc_column][vc_custom_heading text=&#8221;Cele mai v\u00e2ndute&#8221; font_container=&#8221;tag:h2|text_align:center&#8221; use_theme_fonts=&#8221;yes&#8221; css=&#8221;.vc_custom_1708758576821{margin-bottom: 56px !important;}&#8221;][pm_vc_best_offer best_offer_list=&#8221;2019, 2033, 2075, 2063&#8243; custom_css=&#8221;.vc_custom_1748686930132{margin-bottom: 19px !important;}&#8221;][vc_separator color=&#8221;custom&#8221; accent_color=&#8221;#1d2326&#8243; css=&#8221;.vc_custom_1490703567698{margin-bottom: -22px !important;}&#8221;][pm_vc_custom_products prod_list=&#8221;545, 546, 583, 584, 586, 587, 588, 589&#8243; custom_css=&#8221;.vc_custom_1490703877369{margin-bottom: 0px !important;}&#8221;][pm_vc_custom_button button_text=&#8221;Vezi toate produsele&#8221; button_type=&#8221;colored&#8221; button_icon=&#8221;&#8221; text_color=&#8221;#121618&#8243; hover_bg_color=&#8221;&#8221; button_icon_status=&#8221;true&#8221; button_link=&#8221;url:https%3A%2F%2Fpizzatta.ro%2Findex.php%2Fdiscover-our-menu%2F&#8221; custom_css=&#8221;.vc_custom_1708759184533{margin-bottom: 105px !important;}&#8221;][\/vc_column][\/vc_row][vc_row full_width=&#8221;stretch_row&#8221; css=&#8221;.vc_custom_1490295876837{background-image: url(https:\/\/demo-storage.com\/pm\/wp\/vincent\/wp-content\/uploads\/2017\/02\/back_1.jpg?id=247) !important;background-position: center !important;background-repeat: no-repeat !important;background-size: cover !important;}&#8221;][vc_column][vc_custom_heading text=&#8221;P\u0103rerea voastr\u0103 este cea mai important\u0103!&#8221; font_container=&#8221;tag:h6|text_align:center|color:%23121618&#8243; use_theme_fonts=&#8221;yes&#8221; css=&#8221;.vc_custom_1708758534104{margin-top: 67px !important;margin-bottom: 21px !important;}&#8221;][vc_custom_heading text=&#8221;Ce spun clientii no\u0219trii?&#8221; font_container=&#8221;tag:h1|text_align:center|color:%23121618&#8243; use_theme_fonts=&#8221;yes&#8221; css=&#8221;.vc_custom_1708758460095{margin-bottom: 45px !important;}&#8221;][vc_single_image image=&#8221;220&#8243; img_size=&#8221;full&#8221; alignment=&#8221;center&#8221; css=&#8221;.vc_custom_1490350227404{margin-bottom: 22px !important;}&#8221;][pm_vc_testimonials autoplay=&#8221;true&#8221; custom_css=&#8221;.vc_custom_1490295667609{margin-bottom: 98px !important;padding-right: 100px !important;padding-left: 100px !important;}&#8221;][pm_vc_testimonials_item testimonial_image=&#8221;253&#8243; testimonial_text=&#8221;Pizza este foarte gustoas\u0103, ingrediente de calitate, a venit cald\u0103. Recomand cu incredere!&#8221; testimonial_author=&#8221;Andrei V.&#8221; testimonial_author_position=&#8221;Constan\u021ba&#8221;][pm_vc_testimonials_item testimonial_image=&#8221;255&#8243; testimonial_text=&#8221;Am comandat meniul zilei de mai multe ori, totul a fost foarte gustos, mul\u021bumesc Pizzatta!&#8221; testimonial_author=&#8221;Mihaela R.&#8221; testimonial_author_position=&#8221;Constan\u021ba&#8221;][pm_vc_testimonials_item testimonial_image=&#8221;256&#8243; testimonial_text=&#8221;Comanda a fost procesat\u0103 foarte rapid, m\u00e2ncarea foarte bun\u0103, m\u0103 declar mul\u021bumit\u0103!&#8221; testimonial_author=&#8221;Raluca M.&#8221; testimonial_author_position=&#8221;Eforie Sud&#8221;][\/pm_vc_testimonials][\/vc_column][\/vc_row][vc_row content_placement=&#8221;middle&#8221;][vc_column width=&#8221;1\/2&#8243;][vc_single_image image=&#8221;2200&#8243; img_size=&#8221;400&#215;100&#8243; alignment=&#8221;right&#8221; onclick=&#8221;custom_link&#8221; link=&#8221;https:\/\/anpc.ro\/ce-este-sal\/&#8221;][\/vc_column][vc_column width=&#8221;1\/2&#8243;][vc_single_image image=&#8221;2199&#8243; img_size=&#8221;400&#215;100&#8243; onclick=&#8221;custom_link&#8221; link=&#8221;https:\/\/ec.europa.eu\/consumers\/odr\/main\/index.cfm?event=main.home.chooseLanguage&#8221;][\/vc_column][\/vc_row]<\/p>\n<\/section>","protected":false},"excerpt":{"rendered":"<p>[vc_row full_width=&#8221;stretch_row_content_no_spaces&#8221; vincent_border_type=&#8221;figure&#8221; css=&#8221;.vc_custom_1492088314270{margin-top: -60px !important;background-position: center !important;background-repeat: no-repeat !important;background-size: cover !important;}&#8221;][vc_column css=&#8221;.vc_custom_1491546530601{padding-top: 0px !important;}&#8221;][pm_vc_stripes fullscreen_layout=&#8221;off&#8221; custom_css=&#8221;.vc_custom_1491547492141{margin-bottom: 0px !important;}&#8221;][pm_vc_stripes_item item_image=&#8221;1178&#8243; item_title=&#8221;AM DESCHIS&#8221; link_type=&#8221;link_all_item&#8221; item_link=&#8221;title:Contacteaz%C4%83-ne&#8221; overlay_color=&#8221;rgba(0,0,0,0.6)&#8221;][pm_vc_stripes_item item_image=&#8221;887&#8243; item_title=&#8221;MENIU&#8221; link_type=&#8221;link_all_item&#8221; item_link=&#8221;url:https%3A%2F%2Fpizzatta.ro%2Findex.php%2Fdiscover-our-menu%2F|title:DESCOPERI%C8%9AI%20SORTIMENTUL%20NOSTRU&#8221;][pm_vc_stripes_item item_image=&#8221;1163&#8243; item_title=&#8221;CINE SUNTEM?&#8221; link_type=&#8221;link_all_item&#8221; item_link=&#8221;url:https%3A%2F%2Fpizzatta.ro%2Findex.php%2Fabout-2%2F|title:CINE%20SUNTEM%3F&#8221;][pm_vc_stripes_item item_image=&#8221;1164&#8243; item_title=&#8221;PLIANT&#8221; link_type=&#8221;link_all_item&#8221; item_link=&#8221;url:https%3A%2F%2Fpizzatta.ro%2Fwp-content%2Fuploads%2Fpliant.pdf&#8221;][\/pm_vc_stripes][\/vc_column][\/vc_row][vc_row css=&#8221;.vc_custom_1490349834961{margin-bottom: 17px !important;}&#8221;][vc_column][vc_custom_heading text=&#8221;Nu suntem doar o pizzerie, suntem sursa ta de m\u00e2ncare calitativ\u0103 \u0219i s\u0103n\u0103toas\u0103!&#8221; font_container=&#8221;tag:h6|text_align:center&#8221; [&hellip;]<\/p>\n","protected":false},"author":1,"featured_media":0,"parent":0,"menu_order":0,"comment_status":"closed","ping_status":"closed","template":"","meta":{"footnotes":""},"class_list":["post-848","page","type-page","status-publish","hentry"],"_links":{"self":[{"href":"https:\/\/pizzatta.ro\/index.php\/wp-json\/wp\/v2\/pages\/848","targetHints":{"allow":["GET"]}}],"collection":[{"href":"https:\/\/pizzatta.ro\/index.php\/wp-json\/wp\/v2\/pages"}],"about":[{"href":"https:\/\/pizzatta.ro\/index.php\/wp-json\/wp\/v2\/types\/page"}],"author":[{"embeddable":true,"href":"https:\/\/pizzatta.ro\/index.php\/wp-json\/wp\/v2\/users\/1"}],"replies":[{"embeddable":true,"href":"https:\/\/pizzatta.ro\/index.php\/wp-json\/wp\/v2\/comments?post=848"}],"version-history":[{"count":50,"href":"https:\/\/pizzatta.ro\/index.php\/wp-json\/wp\/v2\/pages\/848\/revisions"}],"predecessor-version":[{"id":2828,"href":"https:\/\/pizzatta.ro\/index.php\/wp-json\/wp\/v2\/pages\/848\/revisions\/2828"}],"wp:attachment":[{"href":"https:\/\/pizzatta.ro\/index.php\/wp-json\/wp\/v2\/media?parent=848"}],"curies":[{"name":"wp","href":"https:\/\/api.w.org\/{rel}","templated":true}]}}