{"id":193,"date":"2017-02-27T09:53:34","date_gmt":"2017-02-27T09:53:34","guid":{"rendered":"https:\/\/demo-storage.com\/pm\/wp\/vincent\/?page_id=193"},"modified":"2024-03-25T18:29:15","modified_gmt":"2024-03-25T18:29:15","slug":"about-2","status":"publish","type":"page","link":"https:\/\/pizzatta.ro\/index.php\/about-2\/","title":{"rendered":"CINE SUNTEM?"},"content":{"rendered":"<section class=\"wpb-content-wrapper\"><p>[vc_row gap=&#8221;15&#8243; css=&#8221;.vc_custom_1488792976044{margin-bottom: 58px !important;}&#8221;][vc_column width=&#8221;1\/2&#8243; css=&#8221;.vc_custom_1488460104042{padding-right: 15px !important;}&#8221;][vc_single_image image=&#8221;1167&#8243; img_size=&#8221;large&#8221;][\/vc_column][vc_column width=&#8221;1\/2&#8243; css=&#8221;.vc_custom_1488460118448{padding-left: 15px !important;}&#8221;][vc_single_image image=&#8221;1166&#8243; img_size=&#8221;large&#8221;][\/vc_column][\/vc_row][vc_row][vc_column][vc_custom_heading text=&#8221;NOI SUNTEM PIZZATTA&#8221; font_container=&#8221;tag:h2|text_align:center&#8221; use_theme_fonts=&#8221;yes&#8221;][vc_custom_heading text=&#8221;IN MENIUL NOSTRU VE\u021aI G\u0102SII C\u00c2TE CEVA PENTRU FIECARE. DE LA DIVERSE SORTIMENTE DE PIZZA LA PASTE, PREPARATE DIN PE\u0218TE, SUPE \u0218I MULTE ALTELE.&#8221; font_container=&#8221;tag:h6|text_align:center|line_height:32px&#8221; use_theme_fonts=&#8221;yes&#8221; css=&#8221;.vc_custom_1711391274991{margin-bottom: 40px !important;padding-right: 20px !important;padding-left: 20px !important;}&#8221;][vc_single_image image=&#8221;221&#8243; img_size=&#8221;full&#8221; alignment=&#8221;center&#8221; css=&#8221;.vc_custom_1488793314360{margin-bottom: 20px !important;}&#8221;][vc_column_text css=&#8221;.vc_custom_1711391323965{margin-bottom: 43px !important;padding-right: 20px !important;padding-left: 20px !important;}&#8221;]<\/p>\n<p style=\"text-align: center;\">Folosim doar ingrediente de calitate din surse sigure si sustenabile. Avem personal calificat \u0219i cu experien\u021b\u0103 gata mereu s\u0103 satisfac\u0103 cele mai exigente gusturi. Dar cel mai important vrem s\u0103 te mul\u021bumim pe tine, clientul nostru.<\/p>\n<p>[\/vc_column_text][\/vc_column][\/vc_row][vc_row full_width=&#8221;stretch_row&#8221; equal_height=&#8221;yes&#8221; css=&#8221;.vc_custom_1490180976136{margin-top: 0px !important;margin-right: 0px !important;margin-bottom: 0px !important;margin-left: 0px !important;padding-top: 0px !important;padding-right: 0px !important;padding-bottom: 0px !important;padding-left: 0px !important;}&#8221;][vc_column width=&#8221;1\/3&#8243; css=&#8221;.vc_custom_1516368296180{padding-top: 0px !important;padding-right: 0px !important;padding-bottom: 0px !important;padding-left: 0px !important;background-image: url(https:\/\/demo-storage.com\/pm\/wp\/vincent\/wp-content\/uploads\/2017\/02\/img_1.jpg?id=358) !important;background-position: center !important;background-repeat: no-repeat !important;background-size: cover !important;}&#8221;][vc_empty_space height=&#8221;300px&#8221;][\/vc_column][vc_column width=&#8221;1\/3&#8243; css=&#8221;.vc_custom_1488806059363{padding-top: 0px !important;padding-right: 0px !important;padding-bottom: 0px !important;padding-left: 0px !important;}&#8221;][pm_vc_iconbox icon_image_type=&#8221;361&#8243; iconbox_heading=&#8221;INGREDIENTE DE CALITATE&#8221; iconbox_text=&#8221;INGREDIENTE DE CALITATE&#8221; iconbox_heading_color=&#8221;#ffffff&#8221; iconbox_text_color=&#8221;#dce4e8&#8243; iconbox_bg_color=&#8221;#1d2326&#8243; custom_css=&#8221;.vc_custom_1708759462352{margin-bottom: 0px !important;padding-top: 115px !important;padding-right: 100px !important;padding-bottom: 156px !important;padding-left: 100px !important;}&#8221;][\/vc_column][vc_column width=&#8221;1\/3&#8243; css=&#8221;.vc_custom_1516368389968{padding-top: 0px !important;padding-right: 0px !important;padding-bottom: 0px !important;padding-left: 0px !important;background-image: url(https:\/\/demo-storage.com\/pm\/wp\/vincent\/wp-content\/uploads\/2017\/04\/21.jpg?id=1194) !important;background-position: center !important;background-repeat: no-repeat !important;background-size: cover !important;}&#8221;][vc_empty_space height=&#8221;300px&#8221;][\/vc_column][\/vc_row][vc_row full_width=&#8221;stretch_row&#8221; equal_height=&#8221;yes&#8221; css=&#8221;.vc_custom_1490181139034{margin-top: 0px !important;margin-right: 0px !important;margin-bottom: 0px !important;margin-left: 0px !important;padding-top: 0px !important;padding-right: 0px !important;padding-bottom: 0px !important;padding-left: 0px !important;}&#8221;][vc_column width=&#8221;1\/3&#8243; css=&#8221;.vc_custom_1488806051517{padding-top: 0px !important;padding-right: 0px !important;padding-bottom: 0px !important;padding-left: 0px !important;}&#8221;][pm_vc_iconbox icon_image_type=&#8221;360&#8243; iconbox_heading=&#8221;RE\u021aETE ORIGINALE&#8221; iconbox_text=&#8221;RE\u021aETE ORIGINALE&#8221; iconbox_heading_color=&#8221;#ffffff&#8221; iconbox_text_color=&#8221;#dce4e8&#8243; iconbox_bg_color=&#8221;#1d2326&#8243; custom_css=&#8221;.vc_custom_1708759480107{margin-bottom: 0px !important;padding-top: 115px !important;padding-right: 100px !important;padding-bottom: 156px !important;padding-left: 100px !important;}&#8221;][\/vc_column][vc_column width=&#8221;1\/3&#8243; css=&#8221;.vc_custom_1516368397174{padding-top: 0px !important;padding-right: 0px !important;padding-bottom: 0px !important;padding-left: 0px !important;background-image: url(https:\/\/demo-storage.com\/pm\/wp\/vincent\/wp-content\/uploads\/2017\/04\/19.jpg?id=1192) !important;background-position: center !important;background-repeat: no-repeat !important;background-size: cover !important;}&#8221;][vc_empty_space height=&#8221;300px&#8221;][\/vc_column][vc_column width=&#8221;1\/3&#8243; css=&#8221;.vc_custom_1488806067635{padding-top: 0px !important;padding-right: 0px !important;padding-bottom: 0px !important;padding-left: 0px !important;}&#8221;][pm_vc_iconbox icon_image_type=&#8221;359&#8243; iconbox_heading=&#8221;LIVRARE RAPID\u0102&#8221; iconbox_text=&#8221;LIVRARE RAPID\u0102&#8221; iconbox_heading_color=&#8221;#ffffff&#8221; iconbox_text_color=&#8221;#dce4e8&#8243; iconbox_bg_color=&#8221;#1d2326&#8243; custom_css=&#8221;.vc_custom_1708759447051{margin-bottom: 0px !important;padding-top: 115px !important;padding-right: 100px !important;padding-bottom: 156px !important;padding-left: 100px !important;}&#8221;][\/vc_column][\/vc_row][vc_row full_width=&#8221;stretch_row&#8221; parallax=&#8221;content-moving&#8221; parallax_image=&#8221;309&#8243; css=&#8221;.vc_custom_1488880276489{margin-bottom: 65px !important;padding-top: 63px !important;padding-bottom: 67px !important;}&#8221;][vc_column width=&#8221;1\/3&#8243;][pm_vc_counter counter_count=&#8221;120&#8243; counter_title=&#8221;SORTIMENT DIVERSIFICAT&#8221; counter_count_color=&#8221;#121618&#8243; counter_title_color=&#8221;#121618&#8243;][\/vc_column][vc_column width=&#8221;1\/3&#8243;][pm_vc_counter counter_count=&#8221;10000&#8243; counter_title=&#8221;CLIEN\u021aI MUL\u021aUMI\u021aI&#8221; counter_icon=&#8221;&#8221; counter_count_color=&#8221;#121618&#8243; counter_title_color=&#8221;#121618&#8243; counter_icon_status=&#8221;true&#8221;][\/vc_column][vc_column width=&#8221;1\/3&#8243;][pm_vc_counter counter_count=&#8221;10&#8243; counter_title=&#8221;ANI DE EXPERIEN\u021a\u0102&#8221; counter_count_color=&#8221;#121618&#8243; counter_title_color=&#8221;#121618&#8243;][\/vc_column][\/vc_row][vc_row full_width=&#8221;stretch_row_content&#8221; css=&#8221;.vc_custom_1488897734427{margin-bottom: 9px !important;}&#8221;][vc_column css=&#8221;.vc_custom_1488891139949{padding-right: 30px !important;padding-left: 90px !important;}&#8221;][vc_custom_heading text=&#8221;CALITATEA ESTE CEEA CE NE CARACTERIZEAZ\u00c2 CEL MAI BINE&#8221; font_container=&#8221;tag:h2|text_align:center&#8221; use_theme_fonts=&#8221;yes&#8221; css=&#8221;.vc_custom_1711391373549{margin-bottom: 56px !important;margin-left: -20px !important;}&#8221;][vc_masonry_media_grid element_width=&#8221;3&#8243; gap=&#8221;60&#8243; grid_id=&#8221;vc_gid:1711391250954-567aa0a72648be3d0e20acb303e11cf5-10&#8243; include=&#8221;1151,1152,1153,1154,1155,1156,1157,1158&#8243;][\/vc_column][\/vc_row][vc_row full_width=&#8221;stretch_row_content_no_spaces&#8221;][vc_column css=&#8221;.vc_custom_1489070071832{padding-top: 102px !important;padding-right: 100px !important;padding-bottom: 70px !important;padding-left: 100px !important;background-image: url(https:\/\/demo-storage.com\/pm\/wp\/vincent\/wp-content\/uploads\/2017\/02\/back_1.jpg?id=247) !important;background-position: center !important;background-repeat: no-repeat !important;background-size: cover !important;}&#8221;][vc_custom_heading text=&#8221;A\u0218TEPT\u0102M SUGESTIILE TALE DAR \u0218I CRITICILE CONSTRUCTIVE&#8221; font_container=&#8221;tag:h6|text_align:center|color:%23121618&#8243; use_theme_fonts=&#8221;yes&#8221; css=&#8221;.vc_custom_1708759532344{margin-bottom: 22px !important;}&#8221;][vc_custom_heading text=&#8221;CONTACTEAZ\u0102-NE&#8221; font_container=&#8221;tag:h1|text_align:center|color:%23121618&#8243; use_theme_fonts=&#8221;yes&#8221; css=&#8221;.vc_custom_1708759505488{margin-bottom: 44px !important;}&#8221;][vc_single_image image=&#8221;220&#8243; img_size=&#8221;full&#8221; alignment=&#8221;center&#8221; css=&#8221;.vc_custom_1488897923626{margin-bottom: 55px !important;}&#8221;][vc_column_text]<\/p>\n<p style=\"text-align: center;\"><span style=\"color: #121618;\">Completeaz\u0103 formularul de mai jos pentru a lua leg\u0103tura cu noi. Tot aici ne po\u021bi scrie \u0219i dac\u0103 ai o cerin\u021b\u0103 culinar\u0103 mai special\u0103 pentru un eveniment.<\/span><\/p>\n<p>[\/vc_column_text][vc_column_text]\n<div class=\"wpcf7 no-js\" id=\"wpcf7-f398-o1\" lang=\"en-US\" dir=\"ltr\" data-wpcf7-id=\"398\">\n<div class=\"screen-reader-response\"><p role=\"status\" aria-live=\"polite\" aria-atomic=\"true\"><\/p> <ul><\/ul><\/div>\n<form action=\"\/index.php\/wp-json\/wp\/v2\/pages\/193#wpcf7-f398-o1\" method=\"post\" class=\"wpcf7-form init\" aria-label=\"Contact form\" novalidate=\"novalidate\" data-status=\"init\">\n<div style=\"display: none;\">\n<input type=\"hidden\" name=\"_wpcf7\" value=\"398\" \/>\n<input type=\"hidden\" name=\"_wpcf7_version\" value=\"6.0.6\" \/>\n<input type=\"hidden\" name=\"_wpcf7_locale\" value=\"en_US\" \/>\n<input type=\"hidden\" name=\"_wpcf7_unit_tag\" value=\"wpcf7-f398-o1\" \/>\n<input type=\"hidden\" name=\"_wpcf7_container_post\" value=\"0\" \/>\n<input type=\"hidden\" name=\"_wpcf7_posted_data_hash\" value=\"\" \/>\n<\/div>\n<p><span class=\"wpcf7-form-control-wrap\" data-name=\"your-name\"><input size=\"40\" maxlength=\"400\" class=\"wpcf7-form-control wpcf7-text wpcf7-validates-as-required\" aria-required=\"true\" aria-invalid=\"false\" placeholder=\"Numele t\u0103u\" value=\"\" type=\"text\" name=\"your-name\" \/><\/span><br \/>\n<span class=\"wpcf7-form-control-wrap\" data-name=\"your-email\"><input size=\"40\" maxlength=\"400\" class=\"wpcf7-form-control wpcf7-email wpcf7-validates-as-required wpcf7-text wpcf7-validates-as-email\" aria-required=\"true\" aria-invalid=\"false\" placeholder=\"Adresa de e-mail\" value=\"\" type=\"email\" name=\"your-email\" \/><\/span><br \/>\n<span class=\"wpcf7-form-control-wrap\" data-name=\"your-message\"><textarea cols=\"40\" rows=\"10\" maxlength=\"2000\" class=\"wpcf7-form-control wpcf7-textarea\" aria-invalid=\"false\" placeholder=\"Mesajul t\u0103u\" name=\"your-message\"><\/textarea><\/span><br \/>\n<input class=\"wpcf7-form-control wpcf7-submit has-spinner\" type=\"submit\" value=\"Trimite mesajul\" \/>\n<\/p><p style=\"display: none !important;\" class=\"akismet-fields-container\" data-prefix=\"_wpcf7_ak_\"><label>&#916;<textarea name=\"_wpcf7_ak_hp_textarea\" cols=\"45\" rows=\"8\" maxlength=\"100\"><\/textarea><\/label><input type=\"hidden\" id=\"ak_js_1\" name=\"_wpcf7_ak_js\" value=\"73\"\/><script>document.getElementById( \"ak_js_1\" ).setAttribute( \"value\", ( new Date() ).getTime() );<\/script><\/p><div class=\"wpcf7-response-output\" aria-hidden=\"true\"><\/div>\n<\/form>\n<\/div>\n[\/vc_column_text][\/vc_column][\/vc_row]<\/p>\n<\/section>","protected":false},"excerpt":{"rendered":"<p>[vc_row gap=&#8221;15&#8243; css=&#8221;.vc_custom_1488792976044{margin-bottom: 58px !important;}&#8221;][vc_column width=&#8221;1\/2&#8243; css=&#8221;.vc_custom_1488460104042{padding-right: 15px !important;}&#8221;][vc_single_image image=&#8221;1167&#8243; img_size=&#8221;large&#8221;][\/vc_column][vc_column width=&#8221;1\/2&#8243; css=&#8221;.vc_custom_1488460118448{padding-left: 15px !important;}&#8221;][vc_single_image image=&#8221;1166&#8243; img_size=&#8221;large&#8221;][\/vc_column][\/vc_row][vc_row][vc_column][vc_custom_heading text=&#8221;NOI SUNTEM PIZZATTA&#8221; font_container=&#8221;tag:h2|text_align:center&#8221; use_theme_fonts=&#8221;yes&#8221;][vc_custom_heading text=&#8221;IN MENIUL NOSTRU VE\u021aI G\u0102SII C\u00c2TE CEVA PENTRU FIECARE. DE LA DIVERSE SORTIMENTE DE PIZZA LA PASTE, PREPARATE DIN PE\u0218TE, SUPE \u0218I MULTE ALTELE.&#8221; font_container=&#8221;tag:h6|text_align:center|line_height:32px&#8221; use_theme_fonts=&#8221;yes&#8221; css=&#8221;.vc_custom_1711391274991{margin-bottom: 40px !important;padding-right: 20px !important;padding-left: 20px !important;}&#8221;][vc_single_image [&hellip;]<\/p>\n","protected":false},"author":1,"featured_media":0,"parent":0,"menu_order":0,"comment_status":"closed","ping_status":"closed","template":"","meta":{"footnotes":""},"class_list":["post-193","page","type-page","status-publish","hentry"],"_links":{"self":[{"href":"https:\/\/pizzatta.ro\/index.php\/wp-json\/wp\/v2\/pages\/193","targetHints":{"allow":["GET"]}}],"collection":[{"href":"https:\/\/pizzatta.ro\/index.php\/wp-json\/wp\/v2\/pages"}],"about":[{"href":"https:\/\/pizzatta.ro\/index.php\/wp-json\/wp\/v2\/types\/page"}],"author":[{"embeddable":true,"href":"https:\/\/pizzatta.ro\/index.php\/wp-json\/wp\/v2\/users\/1"}],"replies":[{"embeddable":true,"href":"https:\/\/pizzatta.ro\/index.php\/wp-json\/wp\/v2\/comments?post=193"}],"version-history":[{"count":8,"href":"https:\/\/pizzatta.ro\/index.php\/wp-json\/wp\/v2\/pages\/193\/revisions"}],"predecessor-version":[{"id":2233,"href":"https:\/\/pizzatta.ro\/index.php\/wp-json\/wp\/v2\/pages\/193\/revisions\/2233"}],"wp:attachment":[{"href":"https:\/\/pizzatta.ro\/index.php\/wp-json\/wp\/v2\/media?parent=193"}],"curies":[{"name":"wp","href":"https:\/\/api.w.org\/{rel}","templated":true}]}}