{"id":14,"date":"2024-03-24T20:16:47","date_gmt":"2024-03-24T20:16:47","guid":{"rendered":"https:\/\/pizzatta.ro\/?page_id=14"},"modified":"2025-05-31T18:09:15","modified_gmt":"2025-05-31T18:09:15","slug":"refund_returns","status":"publish","type":"page","link":"https:\/\/pizzatta.ro\/index.php\/refund_returns\/","title":{"rendered":"Termeni si conditii"},"content":{"rendered":"<section class=\"wpb-content-wrapper\">[vc_row][vc_column][vc_column_text]\r\n<h3><strong>Generalitati<\/strong><\/h3>\r\nSite-ul\u00a0<a style=\"font-weight: inherit; font-style: inherit;\" href=\"http:\/\/www.pizzatta.ro\">www.pizzatta.ro<\/a> (denumit in continuare \u201cSite\u201d) este creat si administrat de <strong>AXM BLUE LUXURY S.R.L<\/strong>., in calitate de proprietar\/administrator al website-ului\u00a0<a style=\"font-weight: inherit; font-style: inherit;\" href=\"http:\/\/www.pizzatta.ro\">www.pizzatta.ro<\/a>. acesta isi rezerva dreptul de a modifica si actualiza in orice moment continutul acestui website, precum si Politica de confidentialitate si Termenii de utilizare, fara nici un fel de notificare prealabila. De aceea, va rugam sa vizitati periodic aceasta sectiune pentru a verifica termenii si conditiile pe care ati agreat sa le respectati.\r\n\r\nScopul permis pentru utilizarea website-ului este ob\u021binerea de informa\u021bii \u0219i accesul la serviciile oferite prin intermediul acestuia. Orice utilizare \u00een alte scopuri dec\u00e2t acesta nu este permis\u0103. Pentru a ob\u021bine acces la site si la serviciile si informa\u021biile puse la dispozi\u021bie prin intermediul acestuia trebuie s\u0103 obtine\u021bi acces la World Wide Web, direct sau cu ajutorul altor dispozitive prin care se pot accesa servicii de internet, pl\u0103tind orice tax\u0103 asociat\u0103 cu acest acces. \u00cen plus, trebuie s\u0103 ave\u021bi la dispozi\u021bie tot echipamentul necesar pentru a realiza aceast\u0103 conexiune la World Wide Web, inclusiv un computer \u0219i un modem sau alt echipament de acces. <strong>AXM BLUE LUXURY S.R.L<\/strong>. nu \u00ee\u0219i asum\u0103 responsabilitatea pentru securitatea acestui site sau a liniei dumneavoastr\u0103 de comunicare cu acesta. Prin termenul \u201evizitator\u201d al website-ului se \u00een\u021belege orice persoan\u0103 care va accesa website-ul. Prin termenul \u201eutilizator\u201d al website-ului se \u00een\u021belege orice \u201evizitator\u201d care se \u00eenregistreaz\u0103 ca \u0219i \u201eutilizator\u201d prin completarea unui formular de \u00eenregistrare.\r\n\r\nPrin intermediul site-ului\u00a0<a style=\"font-weight: inherit; font-style: inherit;\" href=\"http:\/\/www.pizzatta.ro\">www.pizzatta.ro<\/a>, <strong>AXM BLUE LUXURY S.R.L<\/strong>. comercializeaz\u0103, \u00een conformitate cu legea rom\u00e2n\u0103, <strong style=\"font-style: inherit;\">produse alimentare, b\u0103uturi r\u0103coritoare \u0219i b\u0103uturi alcoolice disponible in meniu\u00a0<\/strong><strong>https:\/\/pizzatta.ro\/index.php\/discover-our-menu<\/strong>\u00a0(denumite generic \u201eProduse\u201d).\r\n<h3><strong style=\"font-style: inherit;\">Acceptarea Termenilor si Conditiilor<\/strong><\/h3>\r\nAccesand si utilizand acest Site, dumneavoastra (denumit in continuare \u201eUtilizator\u201d sau \u201dVizitator\u201d) sunteti de acord cu Termenii si Conditiile pe care <strong>AXM BLUE LUXURY S.R.L.<\/strong> vi le pune la dispozitie. Va rugam sa cititi cu atentie termenii si conditiile de utilizare a site-ului <a style=\"font-weight: inherit; font-style: inherit;\" href=\"http:\/\/www.pizzatta.ro\">www.pizzatta.ro<\/a>. Daca nu sunteti de acord cu termenii si conditiile site-ului\u00a0<a style=\"font-weight: inherit; font-style: inherit;\" href=\"http:\/\/www.pizzatta.ro\">www.pizzatta.ro<\/a>\u00a0va rugam sa nu il utilizati.\r\n<h3><strong style=\"font-style: inherit;\">Disponibilitatea Serviciului<\/strong><\/h3>\r\n<strong>AXM BLUE LUXURY S.R.L.<\/strong> \u00ee\u0219i rezerv\u0103 dreptul de a modifica sau de a \u00eentrerupe, temporar sau permanent, par\u021bial sau \u00een totalitate, serviciile puse la dispozi\u021bia vizitatorilor \u0219i a utilizatorilor prin intermediul acestui site, cu sau f\u0103r\u0103 o notificare prealabil\u0103. <strong>AXM BLUE LUXURY S.R.L.<\/strong> nu este r\u0103spunz\u0103toare fa\u021b\u0103 de utilizatori, orice ter\u021b\u0103 persoan\u0103 fizic\u0103 \/ juridic\u0103 sau institu\u021bie pentru modificarea, suspendarea sau \u00eentreruperea serviciilor disponibile prin intermediul website-ului <strong>AXM BLUE LUXURY S.R.L.<\/strong> poate schimba \u00een orice moment con\u021binutul \u0219i condi\u021biile de folosire a website-ului. Noile condi\u021bii devin valabile \u00een momentul \u00een care au fost f\u0103cute publice prin \u00eenscriere \u00een acest site \u0219i nu au caracter retroactiv.\r\n<h3><strong style=\"font-style: inherit;\">Obliga\u021biile de \u00eenregistrare<\/strong><\/h3>\r\nPentru a putea cump\u0103ra \/ comanda de pe www.pizzatta.ro, trebuie s\u0103 introduce\u021bi datele dumneavoastr\u0103 pe website.\r\n\r\nPentru informatii cu privire la modul de prelucrare a datele cu caracter personal, scopul solicitarii, temeiul legal al acestora precum si necesitatea consimtamantului dumneavostra, va rugam sa consultati Politica de Confidentialitate, precum si Politica privind protectia datelor, cu aplicabilitate pentru datele prelucrate prin intermeniul website-ului si al aplicatiei de mobile, disponibile pe website: www.pizzatta.ro.\r\n\r\n\u00cen utilizarea serviciului, declara\u021bi c\u0103 ve\u021bi furniza informa\u021bii reale, corecte, actuale, complete \u0219i nealterate despre dumneavoastr\u0103.\r\n<h3><strong style=\"font-style: inherit;\">Pre\u021b \u0219i modalit\u0103\u021bi de plat\u0103<\/strong><\/h3>\r\nPre\u021burile prezentate includ TVA (9%), cu excep\u021bia b\u0103uturilor alcoolice (de exemplu: bere).\r\n\r\nPre\u021bul de achizitie prezentat pe bonul fiscal \/ factur\u0103 va fi acela\u0219i cu cel prezentat pe website la momentul achizi\u021biei.\r\n\r\nPlata produselor se efectueaz\u0103 \u00een\u00a0<strong style=\"font-style: inherit;\">numerar\u00a0<\/strong>la livrarea produsului.\r\n\r\nPlata la livrare: comanda se achit\u0103 reprezentantului Companiei \u00een momentul livr\u0103rii comenzii prin plata ramburs.\r\n<h3><strong>Informa\u021bii privind livrarea<\/strong><\/h3>\r\nTermenul de livrare va fi comunicat la momentul plas\u0103rii comenzii. Livrarea se face de c\u0103tre compania noastr\u0103, la adresa specificat\u0103 de client. Acest termen poate fi modificat din motive independente de voin\u021ba noastr\u0103.\r\n\r\n\u00cen cazul \u00een care dori\u021bi s\u0103 specifica\u021bi anumite aspecte referitoare la livrare cum ar fi: adres\u0103 sau puncte de reper, va rugam s\u0103 ne comunicati telefonic aceste detalii.\r\n\r\n&nbsp;\r\n<h3><strong style=\"font-style: inherit;\">Returnarea produselor \/ anularea comenzilor<\/strong><\/h3>\r\nTinand cont de faptul ca produsele reprezinta bunuri alimentare perisabile si preparate in momentul comenzii, acestea nu se pot returna dupa ce au fost predate clientului.\r\n\r\nRenuntarea la cumparare in mod repetat va putea fi considerata un abuz.\r\n\r\nIn momentul efectuarii unei comenzi, Clientul declara ca a luat cunostinta si este intru totul de acord cu cele mentionate mai sus.\r\n\r\nAcceptarea acestor termeni si conditii da nastere unui veritabil contract intre parti, facand aplicare clauzelor Codului Civil.\r\n<h3><strong>Responsabilit\u0103\u021bi privind produsele<\/strong><\/h3>\r\n<strong>AXM BLUE LUXURY S.R.L.<\/strong> nu \u00ee\u0219i asum\u0103 responsabilitatea \u0219i nu poate fi f\u0103cut\u0103 responsabil\u0103 pentru orice pagube ap\u0103rute prin folosirea produselor achizi\u021bionate prin intermediul acestui site, \u00een alte scopuri dec\u00e2t cele men\u021bionate de produc\u0103tor.\r\n<h3><strong style=\"font-style: inherit;\">Limitarea r\u0103spunderii<\/strong><\/h3>\r\n<strong>AXM BLUE LUXURY S.R.L.<\/strong> nu va fi r\u0103spunzatoare pentru niciun fel de pagube directe, indirecte, accidentale, speciale, inclusiv, dar nu limitat la, pagube pentru pierderi de profit, bun\u0103voin\u021ba, posibilit\u0103\u021bii de folosire, date sau alte pierderi intangibile sau incomensurabile (chiar dac\u0103 <strong>AXM BLUE LUXURY S.R.L. <\/strong>a fost informat\u0103 anterior de posibilitatea apari\u021biei unor asemenea pierderi), rezult\u00e2nd din:\r\n<ol>\r\n \t<li>utilizarea sau imposibilitatea utiliz\u0103rii informa\u021biilor wesite-ului;<\/li>\r\n \t<li>costul procur\u0103rii de bunuri sau servicii complementare rezult\u00e2nd din orice bunuri, date, informa\u021bii sau servicii achizi\u021bionate sau ob\u021binute, mesaje primite, tranzac\u021bii \u00eencepute prin \/ de pe website;<\/li>\r\n \t<li>acces neautorizat la, sau deteriorarea transmisiilor sau datelor utilizatorului;<\/li>\r\n \t<li>declara\u021bii sau ac\u021biuni ale oric\u0103rei ter\u021be p\u0103r\u021bi asupra serviciilor website-ului;<\/li>\r\n \t<li>orice alt\u0103 problem\u0103 legat\u0103 de serviciile website-ului.<\/li>\r\n<\/ol>\r\nAcest website este oferit \u00een aceast\u0103 form\u0103 f\u0103r\u0103 alte garan\u021bii. <strong>AXM BLUE LUXURY S.R.L.<\/strong> nu este \u0219i nu poate fi responsabil\u0103 pentru nepotriviri, indisponibilit\u0103\u021bi sau alte defecte ale acestui website sau ale con\u021binutului s\u0103u.\r\n<h3><strong style=\"font-style: inherit;\">Drepturi de autor<\/strong><\/h3>\r\n<strong>AXM BLUE LUXURY S.R.L.<\/strong> (Pizzatta) este proprietarul Site-ului si beneficiaza de toate drepturile legale recunoscute autorilor, conform legislatiei romane si internationale. <strong>AXM BLUE LUXURY S.R.L.<\/strong> detine titlul deplin si complet asupra fisierelor, pozelor si materialelor publicate pe Site, precum si toate drepturile de proprietate intelectuala ce decurg din acestea. Nu aveti permisiunea sa comercializati, redistribuiti sau reproduceti aceste materiale, nici sa le decompilati sau modificati structura. Toate marcile si logo-urile sunt detinute de catre <strong>AXM BLUE LUXURY S.R.L.<\/strong>, precum si de Comerciantii parteneri care afiseaza oferte in Site, si nu aveti permisiunea sa le copiati sau utilizati in niciun mod.\r\n<h3><strong style=\"font-style: inherit;\">Securitate<\/strong><\/h3>\r\nDaca utilizati Site-ul sunteti raspunzator pentru asigurarea confidentialitatii datelor privitoare la contul dumneavoastra de acces, cum ar fi numele de utilizator si parola si sunteti de acord sa va asumati intreaga responsabilitate pentru activitatile\/actiunile desfasurate pe Site cu contul si parola dumneavoastra. In cazul in care suspectati ca, din diverse motive imputabile sau nu dumneavoastra, confidentialitatea acestor date de acces a fost compromisa, veti notifica imediat <strong>AXM BLUE LUXURY S.R.L.<\/strong> pentru a bloca accesul la cont si a va genera cat mai rapid o noua parola si un nou User (nume de utilizator) daca este cazul. Efectuarea de operatiuni neautorizate asupra acestui site si tentativa de efectuare a acestora, incluzand fara a se limita la: utilizarea abuziva, utilizarea frauduloasa, accesul neautorizat, modificarea, copierea de informatii in vederea comercializarii lor, blocarea accesului, etc., vor fi pedepsite conform legii.\r\n<h3><strong style=\"font-style: inherit;\">Notificari pentru utilizatori<\/strong><\/h3>\r\nIn calitate de Utilizator, intelegeti si sunteti de acord cu urmatoarele responsabilitati:\r\n<ul>\r\n \t<li>sa furnizati date adevarate, exacte si complete despre dumneavoastra;<\/li>\r\n \t<li>sa mentineti si innoiti, atunci cand este cazul, datele de inregistrare pentru a fi adevarate, exacte si complete.<\/li>\r\n<\/ul>\r\nAccesand formularul de inregistrare prin care va transmiteti datele dumneavoastra personale in vederea participarii la diverse actiuni (de informare, promotionale, publicitare, de divertisment, etc.) organizate de <strong>AXM BLUE LUXURY S.R.L.<\/strong>, declarati ca sunteti de acord cu urmatoarele:\r\n<ul>\r\n \t<li>ca datele personale solicitate sa fie colectate, stocate si prelucrate de catre <strong>AXM BLUE LUXURY S.R.L.<\/strong>,<\/li>\r\n \t<li>ca datele personale sa fie utilizate pe o perioada nedeterminata, precum si in vederea unor contactari ulterioare;<\/li>\r\n \t<li>sa primiti din <strong>AXM BLUE LUXURY S.R.L.<\/strong>, diverse materiale publicitare, de informare, propuneri si invitatii de participare la diverse activitati, precum si diverse obiecte, produse si\/sau mostre de produse, serviciul de tip newsletter (primeste noutati prin e-mail).<\/li>\r\n<\/ul>\r\n<h3><strong style=\"font-style: inherit;\">Confidentialitate<\/strong><\/h3>\r\n<strong>AXM BLUE LUXURY S.R.L.<\/strong> respecta si protejeaza dreptul la intimitate si viata privata a Utilizatorilor Site-ului. <strong>AXM BLUE LUXURY S.R.L.<\/strong> are obligatia de a administra in conditii de siguranta si numai pentru scopurile specificate datele personale pe care ni le furnizati despre dumneavoastra. Scopul colectarii datelor este de a asigura utilizatorilor serviciilor oferite pe Site informatii si servicii de cea mai bunac alitate, precum si servicii de marketing, reclama si publicitate.\r\n\r\nTuturor utilizatorilor le sunt garantate drepturile \u00een conformitate cu Legea nr. 677\/2001. Prelucrarea datelor cu caracter personal se va face de c\u0103tre <strong>AXM BLUE LUXURY S.R.L.<\/strong> \u00een conformitate cu dispozi\u0163iile Legii 677\/2001. Scopurile colectarii, prelucr\u0103rii si stoc\u0103rii bazei de date sunt: incheierea unor raporturi comerciale intre site si utilizator, scopuri promo\u0163ionale, de informare prin e-mail cu privire la ultimele nout\u0103\u021bi publicate pe <a style=\"font-weight: inherit; font-style: inherit;\" href=\"http:\/\/www.pizzatta.ro\">www.pizzatta.ro<\/a> sau alte ac\u0163iuni de marketing desf\u0103\u015furate \u00een viitor de c\u0103tre <strong>AXM BLUE LUXURY S.R.L.<\/strong> Fiecare participant are dreptul de a solicita excluderea din baza de date, scriind pe adresa contact@pizzatta.ro.\r\n<h3><strong style=\"font-style: inherit;\">Revizuirea acestor Termeni si Conditii<\/strong><\/h3>\r\n<strong>AXM BLUE LUXURY S.R.L.<\/strong> in calitate de proprietar\/ administrator al Site-ului <a style=\"font-weight: inherit; font-style: inherit;\" href=\"http:\/\/www.pizzatta.ro\">www.pizzatta.ro<\/a>\u00a0poate, in orice moment si fara notificare prealabila, sa revizuiasca acesti Termeni si Conditii prin actualizarea lor. Sunteti obligat sa respectati oricare si toate astfel de revizuiri si de aceea va trebui sa vizitati aceasta pagina a Site-ului nostru in mod periodic pentru a lua la cunostinta notificarile actualizate.\r\n<h3><strong style=\"font-style: inherit;\">Legislatie aplicabila si Jurisdictie<\/strong><\/h3>\r\nTermenii de utilizare se supun legislatiei romane. In caz de litigiu, se va incerca mai intai o rezolvare pe cale amiabila, in termen de 30 de zile lucratoare de la inregistrarea reclamatiei la sediul <strong>AXM BLUE LUXURY S.R.L.<\/strong> In cazul in care nu se poate ajunge la o intelegere in termenul precizat anterior, va fi considerata competenta instanta judecatoreasca din aceeasi structura administrativa cu sediul <strong>AXM BLUE LUXURY S.R.L.<\/strong> Termenii si conditiile de utilizare a website-ului <a style=\"font-weight: inherit; font-style: inherit;\" href=\"http:\/\/www.pizzatta.ro\">www.pizzatta.ro<\/a>\u00a0sunt guvernate de legile din Romania. Acestea se completeaza cu prevederile legislatiei in vigoare cu privire la Comertul electronic (prevederile Legii 365\/2002 privind comertul electronic), Protectia Consumatorului (OG 130\/2000 privind protectia consumatorilor la incheierea si executarea contractelor la distanta, OG 85\/2004 privind protectia consumatorilor la incheierea si executarea contractelor la distanta privind serviciile financiare, Legea 193\/2000 privind clauzele abuzive din contractele incheiate intre comercianti si consumatori), precum si alte acte legislative dupa caz. Drepturile si obligatiile partilor, impuse de prezentul acord, precum si toate efectele juridice pe care le produce prezentul acord vor fi interpretate si guvernate de legea romana in vigoare.\r\n<h3><strong style=\"font-style: inherit;\">Nulitate partiala<\/strong><\/h3>\r\nDac\u0103 oricare dintre clauzele de mai sus va fi gasit\u0103 nul\u0103 sau nevalid\u0103, indiferent de cauz\u0103, aceasta nu va afecta valabilitatea celorlalte clauze. Odat\u0103 cu plasarea comenzii, clientul accept\u0103 f\u0103r\u0103 obiec\u021bii Termenii \u0219i Condi\u021biile de utilizare, valoarea acestora fiind aceea\u0219i cu un contract valabil \u00eencheiat.\r\n\r\nFiind de acord cu ace\u0219ti Termeni \u0219i Condi\u021bii clientul \u00ee\u0219i asum\u0103 \u00een totalitate drepturile \u0219i obliga\u021biile ce decurg din comandarea produselor disponibile pe website-ul www.pizzatta.ro.\r\n<h3><strong style=\"font-style: inherit;\">Dezabonare<\/strong><\/h3>\r\nIn cazul in care nu mai doriti sa primiti e-mail-uri periodice (oferte, newslettere, etc.) din partea Site-ului, modalitatea de dezabonare este extrem de facila fiind prezenta la sfarsitul fiecarui email primit prin acest serviciu, rubrica \u201cUnsubscribe\u201d.\r\n<h3><strong style=\"font-style: inherit;\">Incetare relatie contractuala\/anulare cont de Utilizator<\/strong><\/h3>\r\nIn cazul in care nu veti mai dori sa utilizati Site-ul, va rugam sa ne contactati in scris (prin e-mail sau Posta la adresele mentionate la punctul Contact), iar contul dvs. va fi sters.\r\n\r\n&nbsp;&nbsp;\r\n\r\n[\/vc_column_text][\/vc_column][\/vc_row]<!-- \/wp:post-content --><\/section>","protected":false},"excerpt":{"rendered":"<p>[vc_row][vc_column][vc_column_text] Generalitati Site-ul\u00a0www.pizzatta.ro (denumit in continuare \u201cSite\u201d) este creat si administrat de AXM BLUE LUXURY S.R.L., in calitate de proprietar\/administrator al website-ului\u00a0www.pizzatta.ro. acesta isi rezerva dreptul de a modifica si actualiza in orice moment continutul acestui website, precum si Politica de confidentialitate si Termenii de utilizare, fara nici un fel de notificare prealabila. De aceea, [&hellip;]<\/p>\n","protected":false},"author":1,"featured_media":0,"parent":0,"menu_order":0,"comment_status":"closed","ping_status":"closed","template":"","meta":{"footnotes":""},"class_list":["post-14","page","type-page","status-publish","hentry"],"_links":{"self":[{"href":"https:\/\/pizzatta.ro\/index.php\/wp-json\/wp\/v2\/pages\/14","targetHints":{"allow":["GET"]}}],"collection":[{"href":"https:\/\/pizzatta.ro\/index.php\/wp-json\/wp\/v2\/pages"}],"about":[{"href":"https:\/\/pizzatta.ro\/index.php\/wp-json\/wp\/v2\/types\/page"}],"author":[{"embeddable":true,"href":"https:\/\/pizzatta.ro\/index.php\/wp-json\/wp\/v2\/users\/1"}],"replies":[{"embeddable":true,"href":"https:\/\/pizzatta.ro\/index.php\/wp-json\/wp\/v2\/comments?post=14"}],"version-history":[{"count":5,"href":"https:\/\/pizzatta.ro\/index.php\/wp-json\/wp\/v2\/pages\/14\/revisions"}],"predecessor-version":[{"id":2842,"href":"https:\/\/pizzatta.ro\/index.php\/wp-json\/wp\/v2\/pages\/14\/revisions\/2842"}],"wp:attachment":[{"href":"https:\/\/pizzatta.ro\/index.php\/wp-json\/wp\/v2\/media?parent=14"}],"curies":[{"name":"wp","href":"https:\/\/api.w.org\/{rel}","templated":true}]}}